{"id":5922,"date":"2021-07-12T16:19:17","date_gmt":"2021-07-12T14:19:17","guid":{"rendered":"https:\/\/willemin-macodel.com\/a-safe-bet\/"},"modified":"2021-07-12T16:41:06","modified_gmt":"2021-07-12T14:41:06","slug":"a-safe-bet","status":"publish","type":"page","link":"https:\/\/willemin-macodel.com\/en\/a-safe-bet\/","title":{"rendered":"A SAFE BET"},"content":{"rendered":"<h3 style=\"text-align: center;\">For over\u00a0 20 years, the 40 series has met the highest<br \/>\ndemands for precision and quality. We capitalized on this know-how to offer you even more<\/p>\n<\/h3>\n<p>&nbsp;<\/p>\n<h2 class=\"os-head blue-head\" style=\"text-align: center;\">THE NEW 40 SERIES<\/h2>\n<p>The new 401S2, 408S2, 408B and 408MT machining centers build on what has made them successful for over 20 years. Each machine is positioned as a benchmark in its category.<\/p>\n<p>&nbsp;<\/p>\n<p>&nbsp;<\/p>\n<h3>Simultaneous 3 to 5-axis machining in part-to-part or palletizing mode<\/h3>\n<p>\u2022 401S2 &#8211; very high precision 3 axis machining, high speed milling<br \/>\n\u2022 408S2 &#8211; 5-axis simultaneous machining, multi-process milling \/ turning<\/p>\n<p>&nbsp;<\/p>\n<p>&nbsp;<\/p>\n<h3>5 to 7 axis machining complete from bar automated back working on the 6th face<\/h3>\n<p>\u2022 408B &#8211; milling from bar<br \/>\n\u2022 408MT- milling \/ turning from bar<\/p>\n<p>&nbsp;<\/p>\n<p>&nbsp;<\/p>\n<p><!--\n    \n\n\n\n\n\n<div class=\"mceItem mceNonEditable nggPlaceholder\"\n         id=\"1626097963604\"\n         data-shortcode=\"ngg src=&quot;galleries&quot; ids=&quot;1&quot; display=&quot;basic_thumbnail&quot; override_thumbnail_settings=&quot;1&quot; thumbnail_width=&quot;350&quot; thumbnail_height=&quot;250&quot; thumbnail_crop=&quot;0&quot; images_per_page=&quot;4&quot; number_of_columns=&quot;4&quot;\"\n         data-mce-resize=\"false\"\n         data-mce-placeholder=\"1\"\n         contenteditable=\"false\">\n        \n\n\n\n\n\n<h3>NextGEN Gallery<\/h3>\n\n\n\n\n\n\n        \n\n\n\n\n\n<div class=\"nggPlaceholderButton nggIgwEdit\">\n        \tModifier\t\n        <\/div>\n\n\n\n\n\n\n        \n\n\n\n\n\n<div class=\"nggPlaceholderButton nggIgwRemove\">\n        \tEffacer\n        <\/div>\n\n\n\n\n\n\n    <\/div>\n\n\n\n\n<p>&nbsp;<\/p>\n\n\n\n\n<p>&nbsp;<\/p>\n\n\n\n\n\n--><!--   bloc machine --><\/p>\n<div class=\"machine-view-row-body\">\n<div class=\"row\">\n<div class=\"col-12 col-md-6 JS--grid-item__col\" data-keyword=\"401s2 401s2 401s2 le centre d\u2019usinage 401s2 \u00e0 broche verticale est principalement d\u00e9di\u00e9 \u00e0 l\u2019usinage de platines et de ponts de haute pr\u00e9cision pour le secteur horloger\" data-industry=\"usinage-3-5-axes-simultanes\" data-usinage=\"fraisage usinage-co2\" data-axe=\"horlogerie horlogerie-mouvement\">\n<div class=\"single-machine-view\">\n<div class=\"single-machine-image\"><a class=\"\" href=\"https:\/\/willemin-macodel.com\/en\/401s2\/\" aria-label=\"Machine401s2\"> <img decoding=\"async\" class=\"obf lazy\" src=\"https:\/\/willemin-macodel.com\/wp-content\/uploads\/2021\/07\/401s2-2-e1626097248991.png\" alt=\"willemin-macodel machining center - serie 40 - 401S2\" width=\"218\" \/> <\/a><\/div>\n<div class=\"single-machine-content\">\n<h3 class=\"blue-head os-head\">401S2<\/h3>\n<p class=\"single-machine-content--highlight\">A watchmaking standard. A three-axis machining center with a vertical spindle for milling plates for cutting-edge industries. Ergonomic and extremely precise, it also features customizable robotics solutions.<\/p>\n<p><!-- \n\n\n\n\n\n<p> --><!-- <\/p>\n\n\n\n\n\n --><\/div>\n<\/div>\n<\/div>\n<div class=\"col-12 col-md-6 JS--grid-item__col\" data-keyword=\"408b 408b 408b le 408b est un centre d\u2019usinage multi-process d\u00e9di\u00e9 \u00e0 l\u2019usinage de pi\u00e8ces \u00e0 g\u00e9om\u00e9trie complexe \u00e0 partir de barres ou de lopins\" data-industry=\"usinage-a-partir-de-barre\" data-usinage=\"fraisage usinage-co2\" data-axe=\"horlogerie horlogerie-habillage bijouterie medical dentaire\">\n<div class=\"single-machine-view\">\n<div class=\"single-machine-image\"><a class=\"\" href=\"https:\/\/willemin-macodel.com\/en\/408b\/\" aria-label=\"Machine408b\"> <img decoding=\"async\" class=\"obf lazy\" src=\"https:\/\/willemin-macodel.com\/wp-content\/uploads\/2021\/07\/408b-2-e1626097329907.png\" alt=\"willemin-macodel machining center - serie 40 - 408B\" width=\"218\" \/> <\/a><\/div>\n<div class=\"single-machine-content\">\n<h3 class=\"blue-head os-head\">408B<\/h3>\n<p class=\"single-machine-content--highlight\">Everything you need, no more, no less. A strategic piece for watchmaking, the 408B does everything but the turning. Ideal for bracelet links, for example, its simplicity and efficiency also make it attractive to the dental sector.<\/p>\n<p><!-- \n\n\n\n\n\n<p> --><!-- <\/p>\n\n\n\n\n\n --><\/div>\n<\/div>\n<\/div>\n<\/div>\n<\/div>\n<p><!-- fin --><\/p>\n<div class=\"machine-view-row-body\">\n<div class=\"row\">\n<div class=\"col-12 col-md-6 JS--grid-item__col\" data-keyword=\"408mt 408mt 408mt le 408mt est un centre d\u2019usinage multi-process d\u00e9di\u00e9 \u00e0 l\u2019usinage de pi\u00e8ces \u00e0 g\u00e9om\u00e9trie complexe \u00e0 partir de barres ou de lopins\" data-industry=\"usinage-a-partir-de-barre\" data-usinage=\"fraisage-tournage usinage-co2\" data-axe=\"horlogerie horlogerie-habillage bijouterie medical dentaire aero\">\n<div class=\"single-machine-view\">\n<div class=\"single-machine-image\"><a class=\"\" href=\"https:\/\/willemin-macodel.com\/en\/408mt\/\" aria-label=\"Machine408mt\"> <img decoding=\"async\" class=\"obf lazy\" src=\"https:\/\/willemin-macodel.com\/wp-content\/uploads\/2021\/07\/408mt-2-e1626097319345.png\" alt=\"willemin-macodel machining center - serie 40 - 408MT\" width=\"218\" \/> <\/a><\/div>\n<div class=\"single-machine-content\">\n<h3 class=\"blue-head os-head\">408MT<\/h3>\n<p class=\"single-machine-content--highlight\">The star. Cutting-edge industries love the speed, ergonomics and high precision of this multi-process machining center. A versatile best-seller that enables complex parts to be turned and milled in a single cycle.<\/p>\n<p><!-- \n\n\n\n\n\n<p> --><!-- <\/p>\n\n\n\n\n\n --><\/div>\n<\/div>\n<\/div>\n<div class=\"col-12 col-md-6 JS--grid-item__col\" data-keyword=\"408s2 408s2 408s2 le 408s2 est un centre d\u2019usinage 5 axes simultan\u00e9s d\u00e9di\u00e9 \u00e0 l\u2019usinage de pi\u00e8ces prismatiques complexes s\u2019inscrivant dans un cube de 80 mm d\u2019ar\u00eate\" data-industry=\"usinage-3-5-axes-simultanes\" data-usinage=\"fraisage-tournage usinage-co2\" data-axe=\"horlogerie horlogerie-habillage bijouterie medical dentaire aero sous-traitance\">\n<div class=\"single-machine-view\">\n<div class=\"single-machine-image\"><a class=\"\" href=\"https:\/\/willemin-macodel.com\/en\/408s2\/\" aria-label=\"Machine408s2\"> <img decoding=\"async\" class=\"obf lazy\" src=\"https:\/\/willemin-macodel.com\/wp-content\/uploads\/2021\/07\/408s2-2-e1626097308435.png\" alt=\"willemin-macodel machining center - serie 40 - 408S2\" width=\"218\" \/> <\/a><\/div>\n<div class=\"single-machine-content\">\n<h3 class=\"blue-head os-head\">408S2<\/h3>\n<p class=\"single-machine-content--highlight\">Perfection, piece by piece. The model of choice for polyhedral pieces. The high-performance vertical spindle and double-divider offer rapid mixed machining with high positioning accuracy and thermal stability. Its turning capacity doesn&#8217;t prevent it from being easy to program.<\/p>\n<p><!-- \n\n\n\n\n\n<p> --><!-- <\/p>\n\n\n\n\n\n --><\/div>\n<\/div>\n<\/div>\n<\/div>\n<\/div>\n<p><!-- fin ligne 2 --><\/p>\n<h3>\u00a0<\/h3>\n<h2 class=\"os-head blue-head\" style=\"text-align: center;\">WHAT\u2019S NEW ?<\/h2>\n<ul>\n<li>New generation of high-performance \u201cin-house\u201d Willemin-Macodel motor spindle<\/li>\n<li>Available in HSK-E40, HSK-A40 or Capto C4 interface<\/li>\n<li>Optimized ergonomics and lighting for users and maintenance departments<\/li>\n<li>Digital control with 15 &#8221; screen with iHMI and integrated PC<\/li>\n<li>Very high resolution measuring systems<\/li>\n<li>Tool breakage control in overlap time<\/li>\n<li>Tool magazine up to 72 positions on 408B and 408MT<\/li>\n<\/ul>\n<p>The new 40 series machining centers are perfectly compatible with those of the previous generation.<\/p>\n<p>&nbsp;<\/p>\n<p><img decoding=\"async\" class=\"aligncenter wp-image-5739\" src=\"https:\/\/willemin-macodel.com\/wp-content\/uploads\/2021\/07\/machine-3-4def0-900x1024.png\" alt=\"\" width=\"800\" height=\"910\" srcset=\"https:\/\/willemin-macodel.com\/wp-content\/uploads\/2021\/07\/machine-3-4def0-900x1024.png 900w, https:\/\/willemin-macodel.com\/wp-content\/uploads\/2021\/07\/machine-3-4def0-264x300.png 264w, https:\/\/willemin-macodel.com\/wp-content\/uploads\/2021\/07\/machine-3-4def0-768x874.png 768w, https:\/\/willemin-macodel.com\/wp-content\/uploads\/2021\/07\/machine-3-4def0-280x320.png 280w, https:\/\/willemin-macodel.com\/wp-content\/uploads\/2021\/07\/machine-3-4def0.png 1000w\" sizes=\"(max-width: 800px) 100vw, 800px\" \/><\/p>\n<p>&nbsp;<\/p>\n<p><img decoding=\"async\" class=\"aligncenter wp-image-5796\" src=\"https:\/\/willemin-macodel.com\/wp-content\/uploads\/2021\/07\/Montage-photos.png\" alt=\"\" width=\"1600\" height=\"1600\" srcset=\"https:\/\/willemin-macodel.com\/wp-content\/uploads\/2021\/07\/Montage-photos.png 1200w, https:\/\/willemin-macodel.com\/wp-content\/uploads\/2021\/07\/Montage-photos-300x300.png 300w, https:\/\/willemin-macodel.com\/wp-content\/uploads\/2021\/07\/Montage-photos-1024x1024.png 1024w, https:\/\/willemin-macodel.com\/wp-content\/uploads\/2021\/07\/Montage-photos-150x150.png 150w, https:\/\/willemin-macodel.com\/wp-content\/uploads\/2021\/07\/Montage-photos-768x768.png 768w\" sizes=\"(max-width: 1600px) 100vw, 1600px\" \/><\/p>\n<p>&nbsp;<\/p>\n","protected":false},"excerpt":{"rendered":"","protected":false},"author":3,"featured_media":5920,"parent":0,"menu_order":0,"comment_status":"closed","ping_status":"closed","template":"single-article-page.php","meta":{"_acf_changed":false,"ngg_post_thumbnail":0,"footnotes":""},"class_list":["post-5922","page","type-page","status-publish","has-post-thumbnail","hentry"],"acf":[],"yoast_head":"<!-- This site is optimized with the Yoast SEO plugin v25.5 - https:\/\/yoast.com\/wordpress\/plugins\/seo\/ -->\n<title>A SAFE BET - Willemin-Macodel<\/title>\n<meta name=\"robots\" content=\"index, follow, max-snippet:-1, max-image-preview:large, max-video-preview:-1\" \/>\n<link rel=\"canonical\" href=\"https:\/\/willemin-macodel.com\/en\/a-safe-bet\/\" \/>\n<meta property=\"og:locale\" content=\"en_US\" \/>\n<meta property=\"og:type\" content=\"article\" \/>\n<meta property=\"og:title\" content=\"A SAFE BET - Willemin-Macodel\" \/>\n<meta property=\"og:url\" content=\"https:\/\/willemin-macodel.com\/en\/a-safe-bet\/\" \/>\n<meta property=\"og:site_name\" content=\"Willemin-Macodel\" \/>\n<meta property=\"article:modified_time\" content=\"2021-07-12T14:41:06+00:00\" \/>\n<meta property=\"og:image\" content=\"https:\/\/willemin-macodel.com\/wp-content\/uploads\/2021\/07\/000-408-S2-homepage-WHITE-3.jpg\" \/>\n\t<meta property=\"og:image:width\" content=\"2000\" \/>\n\t<meta property=\"og:image:height\" content=\"939\" \/>\n\t<meta property=\"og:image:type\" content=\"image\/jpeg\" \/>\n<meta name=\"twitter:card\" content=\"summary_large_image\" \/>\n<meta name=\"twitter:label1\" content=\"Est. reading time\" \/>\n\t<meta name=\"twitter:data1\" content=\"2 minutes\" \/>\n<script type=\"application\/ld+json\" class=\"yoast-schema-graph\">{\"@context\":\"https:\/\/schema.org\",\"@graph\":[{\"@type\":\"WebPage\",\"@id\":\"https:\/\/willemin-macodel.com\/en\/a-safe-bet\/\",\"url\":\"https:\/\/willemin-macodel.com\/en\/a-safe-bet\/\",\"name\":\"A SAFE BET - Willemin-Macodel\",\"isPartOf\":{\"@id\":\"https:\/\/willemin-macodel.com\/en\/#website\"},\"primaryImageOfPage\":{\"@id\":\"https:\/\/willemin-macodel.com\/en\/a-safe-bet\/#primaryimage\"},\"image\":{\"@id\":\"https:\/\/willemin-macodel.com\/en\/a-safe-bet\/#primaryimage\"},\"thumbnailUrl\":\"https:\/\/willemin-macodel.com\/wp-content\/uploads\/2021\/07\/000-408-S2-homepage-WHITE-3.jpg\",\"datePublished\":\"2021-07-12T14:19:17+00:00\",\"dateModified\":\"2021-07-12T14:41:06+00:00\",\"breadcrumb\":{\"@id\":\"https:\/\/willemin-macodel.com\/en\/a-safe-bet\/#breadcrumb\"},\"inLanguage\":\"en-US\",\"potentialAction\":[{\"@type\":\"ReadAction\",\"target\":[\"https:\/\/willemin-macodel.com\/en\/a-safe-bet\/\"]}]},{\"@type\":\"ImageObject\",\"inLanguage\":\"en-US\",\"@id\":\"https:\/\/willemin-macodel.com\/en\/a-safe-bet\/#primaryimage\",\"url\":\"https:\/\/willemin-macodel.com\/wp-content\/uploads\/2021\/07\/000-408-S2-homepage-WHITE-3.jpg\",\"contentUrl\":\"https:\/\/willemin-macodel.com\/wp-content\/uploads\/2021\/07\/000-408-S2-homepage-WHITE-3.jpg\",\"width\":2000,\"height\":939},{\"@type\":\"BreadcrumbList\",\"@id\":\"https:\/\/willemin-macodel.com\/en\/a-safe-bet\/#breadcrumb\",\"itemListElement\":[{\"@type\":\"ListItem\",\"position\":1,\"name\":\"Home\",\"item\":\"https:\/\/willemin-macodel.com\/en\/home-page\/\"},{\"@type\":\"ListItem\",\"position\":2,\"name\":\"A SAFE BET\"}]},{\"@type\":\"WebSite\",\"@id\":\"https:\/\/willemin-macodel.com\/en\/#website\",\"url\":\"https:\/\/willemin-macodel.com\/en\/\",\"name\":\"Willemin-Macodel\",\"description\":\"Depuis 50 ans, Willemin-Macodel d\u00e9veloppe les machines, les solutions et les services les plus innovants.\",\"publisher\":{\"@id\":\"https:\/\/willemin-macodel.com\/en\/#organization\"},\"potentialAction\":[{\"@type\":\"SearchAction\",\"target\":{\"@type\":\"EntryPoint\",\"urlTemplate\":\"https:\/\/willemin-macodel.com\/en\/?s={search_term_string}\"},\"query-input\":{\"@type\":\"PropertyValueSpecification\",\"valueRequired\":true,\"valueName\":\"search_term_string\"}}],\"inLanguage\":\"en-US\"},{\"@type\":\"Organization\",\"@id\":\"https:\/\/willemin-macodel.com\/en\/#organization\",\"name\":\"Willemin-Macodel\",\"url\":\"https:\/\/willemin-macodel.com\/en\/\",\"logo\":{\"@type\":\"ImageObject\",\"inLanguage\":\"en-US\",\"@id\":\"https:\/\/willemin-macodel.com\/en\/#\/schema\/logo\/image\/\",\"url\":\"https:\/\/willemin-macodel.com\/wp-content\/uploads\/2019\/02\/logo.svg\",\"contentUrl\":\"https:\/\/willemin-macodel.com\/wp-content\/uploads\/2019\/02\/logo.svg\",\"caption\":\"Willemin-Macodel\"},\"image\":{\"@id\":\"https:\/\/willemin-macodel.com\/en\/#\/schema\/logo\/image\/\"}}]}<\/script>\n<!-- \/ Yoast SEO plugin. -->","yoast_head_json":{"title":"A SAFE BET - Willemin-Macodel","robots":{"index":"index","follow":"follow","max-snippet":"max-snippet:-1","max-image-preview":"max-image-preview:large","max-video-preview":"max-video-preview:-1"},"canonical":"https:\/\/willemin-macodel.com\/en\/a-safe-bet\/","og_locale":"en_US","og_type":"article","og_title":"A SAFE BET - Willemin-Macodel","og_url":"https:\/\/willemin-macodel.com\/en\/a-safe-bet\/","og_site_name":"Willemin-Macodel","article_modified_time":"2021-07-12T14:41:06+00:00","og_image":[{"width":2000,"height":939,"url":"https:\/\/willemin-macodel.com\/wp-content\/uploads\/2021\/07\/000-408-S2-homepage-WHITE-3.jpg","type":"image\/jpeg"}],"twitter_card":"summary_large_image","twitter_misc":{"Est. reading time":"2 minutes"},"schema":{"@context":"https:\/\/schema.org","@graph":[{"@type":"WebPage","@id":"https:\/\/willemin-macodel.com\/en\/a-safe-bet\/","url":"https:\/\/willemin-macodel.com\/en\/a-safe-bet\/","name":"A SAFE BET - Willemin-Macodel","isPartOf":{"@id":"https:\/\/willemin-macodel.com\/en\/#website"},"primaryImageOfPage":{"@id":"https:\/\/willemin-macodel.com\/en\/a-safe-bet\/#primaryimage"},"image":{"@id":"https:\/\/willemin-macodel.com\/en\/a-safe-bet\/#primaryimage"},"thumbnailUrl":"https:\/\/willemin-macodel.com\/wp-content\/uploads\/2021\/07\/000-408-S2-homepage-WHITE-3.jpg","datePublished":"2021-07-12T14:19:17+00:00","dateModified":"2021-07-12T14:41:06+00:00","breadcrumb":{"@id":"https:\/\/willemin-macodel.com\/en\/a-safe-bet\/#breadcrumb"},"inLanguage":"en-US","potentialAction":[{"@type":"ReadAction","target":["https:\/\/willemin-macodel.com\/en\/a-safe-bet\/"]}]},{"@type":"ImageObject","inLanguage":"en-US","@id":"https:\/\/willemin-macodel.com\/en\/a-safe-bet\/#primaryimage","url":"https:\/\/willemin-macodel.com\/wp-content\/uploads\/2021\/07\/000-408-S2-homepage-WHITE-3.jpg","contentUrl":"https:\/\/willemin-macodel.com\/wp-content\/uploads\/2021\/07\/000-408-S2-homepage-WHITE-3.jpg","width":2000,"height":939},{"@type":"BreadcrumbList","@id":"https:\/\/willemin-macodel.com\/en\/a-safe-bet\/#breadcrumb","itemListElement":[{"@type":"ListItem","position":1,"name":"Home","item":"https:\/\/willemin-macodel.com\/en\/home-page\/"},{"@type":"ListItem","position":2,"name":"A SAFE BET"}]},{"@type":"WebSite","@id":"https:\/\/willemin-macodel.com\/en\/#website","url":"https:\/\/willemin-macodel.com\/en\/","name":"Willemin-Macodel","description":"Depuis 50 ans, Willemin-Macodel d\u00e9veloppe les machines, les solutions et les services les plus innovants.","publisher":{"@id":"https:\/\/willemin-macodel.com\/en\/#organization"},"potentialAction":[{"@type":"SearchAction","target":{"@type":"EntryPoint","urlTemplate":"https:\/\/willemin-macodel.com\/en\/?s={search_term_string}"},"query-input":{"@type":"PropertyValueSpecification","valueRequired":true,"valueName":"search_term_string"}}],"inLanguage":"en-US"},{"@type":"Organization","@id":"https:\/\/willemin-macodel.com\/en\/#organization","name":"Willemin-Macodel","url":"https:\/\/willemin-macodel.com\/en\/","logo":{"@type":"ImageObject","inLanguage":"en-US","@id":"https:\/\/willemin-macodel.com\/en\/#\/schema\/logo\/image\/","url":"https:\/\/willemin-macodel.com\/wp-content\/uploads\/2019\/02\/logo.svg","contentUrl":"https:\/\/willemin-macodel.com\/wp-content\/uploads\/2019\/02\/logo.svg","caption":"Willemin-Macodel"},"image":{"@id":"https:\/\/willemin-macodel.com\/en\/#\/schema\/logo\/image\/"}}]}},"_links":{"self":[{"href":"https:\/\/willemin-macodel.com\/en\/wp-json\/wp\/v2\/pages\/5922","targetHints":{"allow":["GET"]}}],"collection":[{"href":"https:\/\/willemin-macodel.com\/en\/wp-json\/wp\/v2\/pages"}],"about":[{"href":"https:\/\/willemin-macodel.com\/en\/wp-json\/wp\/v2\/types\/page"}],"author":[{"embeddable":true,"href":"https:\/\/willemin-macodel.com\/en\/wp-json\/wp\/v2\/users\/3"}],"replies":[{"embeddable":true,"href":"https:\/\/willemin-macodel.com\/en\/wp-json\/wp\/v2\/comments?post=5922"}],"version-history":[{"count":1,"href":"https:\/\/willemin-macodel.com\/en\/wp-json\/wp\/v2\/pages\/5922\/revisions"}],"predecessor-version":[{"id":5923,"href":"https:\/\/willemin-macodel.com\/en\/wp-json\/wp\/v2\/pages\/5922\/revisions\/5923"}],"wp:featuredmedia":[{"embeddable":true,"href":"https:\/\/willemin-macodel.com\/en\/wp-json\/wp\/v2\/media\/5920"}],"wp:attachment":[{"href":"https:\/\/willemin-macodel.com\/en\/wp-json\/wp\/v2\/media?parent=5922"}],"curies":[{"name":"wp","href":"https:\/\/api.w.org\/{rel}","templated":true}]}}