{"id":3890,"date":"2019-03-07T13:34:06","date_gmt":"2019-03-07T12:34:06","guid":{"rendered":"https:\/\/redesign.willemin-macodel.com\/methodology\/"},"modified":"2020-01-20T16:02:00","modified_gmt":"2020-01-20T15:02:00","slug":"methodology","status":"publish","type":"page","link":"https:\/\/willemin-macodel.com\/en\/methodology\/","title":{"rendered":"methodology"},"content":{"rendered":"","protected":false},"excerpt":{"rendered":"","protected":false},"author":2,"featured_media":2946,"parent":0,"menu_order":0,"comment_status":"closed","ping_status":"closed","template":"methodologique-page.php","meta":{"_acf_changed":false,"ngg_post_thumbnail":0,"footnotes":""},"class_list":["post-3890","page","type-page","status-publish","has-post-thumbnail","hentry"],"acf":[],"yoast_head":"<!-- This site is optimized with the Yoast SEO plugin v25.5 - https:\/\/yoast.com\/wordpress\/plugins\/seo\/ -->\n<title>methodology - Willemin-Macodel<\/title>\n<meta name=\"description\" content=\"AVEC VOUS D\u00c8S LE PREMIER JOUR. Nous offrons toute notre expertise d\u00e8s le premier contact. Nous ma\u00eetrisons le couple outil-mati\u00e8re, les gammes d\u2019usinage ou encore les moyens de serrage.\" \/>\n<meta name=\"robots\" content=\"index, follow, max-snippet:-1, max-image-preview:large, max-video-preview:-1\" \/>\n<link rel=\"canonical\" href=\"https:\/\/willemin-macodel.com\/en\/methodology\/\" \/>\n<meta property=\"og:locale\" content=\"en_US\" \/>\n<meta property=\"og:type\" content=\"article\" \/>\n<meta property=\"og:title\" content=\"methodology - Willemin-Macodel\" \/>\n<meta property=\"og:description\" content=\"AVEC VOUS D\u00c8S LE PREMIER JOUR. Nous offrons toute notre expertise d\u00e8s le premier contact. Nous ma\u00eetrisons le couple outil-mati\u00e8re, les gammes d\u2019usinage ou encore les moyens de serrage.\" \/>\n<meta property=\"og:url\" content=\"https:\/\/willemin-macodel.com\/en\/methodology\/\" \/>\n<meta property=\"og:site_name\" content=\"Willemin-Macodel\" \/>\n<meta property=\"article:modified_time\" content=\"2020-01-20T15:02:00+00:00\" \/>\n<meta property=\"og:image\" content=\"https:\/\/willemin-macodel.com\/wp-content\/uploads\/2019\/04\/WM_Methodologie.jpg\" \/>\n\t<meta property=\"og:image:width\" content=\"1920\" \/>\n\t<meta property=\"og:image:height\" content=\"868\" \/>\n\t<meta property=\"og:image:type\" content=\"image\/jpeg\" \/>\n<meta name=\"twitter:card\" content=\"summary_large_image\" \/>\n<script type=\"application\/ld+json\" class=\"yoast-schema-graph\">{\"@context\":\"https:\/\/schema.org\",\"@graph\":[{\"@type\":\"WebPage\",\"@id\":\"https:\/\/willemin-macodel.com\/en\/methodology\/\",\"url\":\"https:\/\/willemin-macodel.com\/en\/methodology\/\",\"name\":\"methodology - Willemin-Macodel\",\"isPartOf\":{\"@id\":\"https:\/\/willemin-macodel.com\/en\/#website\"},\"primaryImageOfPage\":{\"@id\":\"https:\/\/willemin-macodel.com\/en\/methodology\/#primaryimage\"},\"image\":{\"@id\":\"https:\/\/willemin-macodel.com\/en\/methodology\/#primaryimage\"},\"thumbnailUrl\":\"https:\/\/willemin-macodel.com\/wp-content\/uploads\/2019\/04\/WM_Methodologie.jpg\",\"datePublished\":\"2019-03-07T12:34:06+00:00\",\"dateModified\":\"2020-01-20T15:02:00+00:00\",\"description\":\"AVEC VOUS D\u00c8S LE PREMIER JOUR. Nous offrons toute notre expertise d\u00e8s le premier contact. Nous ma\u00eetrisons le couple outil-mati\u00e8re, les gammes d\u2019usinage ou encore les moyens de serrage.\",\"breadcrumb\":{\"@id\":\"https:\/\/willemin-macodel.com\/en\/methodology\/#breadcrumb\"},\"inLanguage\":\"en-US\",\"potentialAction\":[{\"@type\":\"ReadAction\",\"target\":[\"https:\/\/willemin-macodel.com\/en\/methodology\/\"]}]},{\"@type\":\"ImageObject\",\"inLanguage\":\"en-US\",\"@id\":\"https:\/\/willemin-macodel.com\/en\/methodology\/#primaryimage\",\"url\":\"https:\/\/willemin-macodel.com\/wp-content\/uploads\/2019\/04\/WM_Methodologie.jpg\",\"contentUrl\":\"https:\/\/willemin-macodel.com\/wp-content\/uploads\/2019\/04\/WM_Methodologie.jpg\",\"width\":1920,\"height\":868},{\"@type\":\"BreadcrumbList\",\"@id\":\"https:\/\/willemin-macodel.com\/en\/methodology\/#breadcrumb\",\"itemListElement\":[{\"@type\":\"ListItem\",\"position\":1,\"name\":\"Home\",\"item\":\"https:\/\/willemin-macodel.com\/en\/home-page\/\"},{\"@type\":\"ListItem\",\"position\":2,\"name\":\"methodology\"}]},{\"@type\":\"WebSite\",\"@id\":\"https:\/\/willemin-macodel.com\/en\/#website\",\"url\":\"https:\/\/willemin-macodel.com\/en\/\",\"name\":\"Willemin-Macodel\",\"description\":\"Depuis 50 ans, Willemin-Macodel d\u00e9veloppe les machines, les solutions et les services les plus innovants.\",\"publisher\":{\"@id\":\"https:\/\/willemin-macodel.com\/en\/#organization\"},\"potentialAction\":[{\"@type\":\"SearchAction\",\"target\":{\"@type\":\"EntryPoint\",\"urlTemplate\":\"https:\/\/willemin-macodel.com\/en\/?s={search_term_string}\"},\"query-input\":{\"@type\":\"PropertyValueSpecification\",\"valueRequired\":true,\"valueName\":\"search_term_string\"}}],\"inLanguage\":\"en-US\"},{\"@type\":\"Organization\",\"@id\":\"https:\/\/willemin-macodel.com\/en\/#organization\",\"name\":\"Willemin-Macodel\",\"url\":\"https:\/\/willemin-macodel.com\/en\/\",\"logo\":{\"@type\":\"ImageObject\",\"inLanguage\":\"en-US\",\"@id\":\"https:\/\/willemin-macodel.com\/en\/#\/schema\/logo\/image\/\",\"url\":\"https:\/\/willemin-macodel.com\/wp-content\/uploads\/2019\/02\/logo.svg\",\"contentUrl\":\"https:\/\/willemin-macodel.com\/wp-content\/uploads\/2019\/02\/logo.svg\",\"caption\":\"Willemin-Macodel\"},\"image\":{\"@id\":\"https:\/\/willemin-macodel.com\/en\/#\/schema\/logo\/image\/\"}}]}<\/script>\n<!-- \/ Yoast SEO plugin. -->","yoast_head_json":{"title":"methodology - Willemin-Macodel","description":"AVEC VOUS D\u00c8S LE PREMIER JOUR. Nous offrons toute notre expertise d\u00e8s le premier contact. Nous ma\u00eetrisons le couple outil-mati\u00e8re, les gammes d\u2019usinage ou encore les moyens de serrage.","robots":{"index":"index","follow":"follow","max-snippet":"max-snippet:-1","max-image-preview":"max-image-preview:large","max-video-preview":"max-video-preview:-1"},"canonical":"https:\/\/willemin-macodel.com\/en\/methodology\/","og_locale":"en_US","og_type":"article","og_title":"methodology - Willemin-Macodel","og_description":"AVEC VOUS D\u00c8S LE PREMIER JOUR. Nous offrons toute notre expertise d\u00e8s le premier contact. Nous ma\u00eetrisons le couple outil-mati\u00e8re, les gammes d\u2019usinage ou encore les moyens de serrage.","og_url":"https:\/\/willemin-macodel.com\/en\/methodology\/","og_site_name":"Willemin-Macodel","article_modified_time":"2020-01-20T15:02:00+00:00","og_image":[{"width":1920,"height":868,"url":"https:\/\/willemin-macodel.com\/wp-content\/uploads\/2019\/04\/WM_Methodologie.jpg","type":"image\/jpeg"}],"twitter_card":"summary_large_image","schema":{"@context":"https:\/\/schema.org","@graph":[{"@type":"WebPage","@id":"https:\/\/willemin-macodel.com\/en\/methodology\/","url":"https:\/\/willemin-macodel.com\/en\/methodology\/","name":"methodology - Willemin-Macodel","isPartOf":{"@id":"https:\/\/willemin-macodel.com\/en\/#website"},"primaryImageOfPage":{"@id":"https:\/\/willemin-macodel.com\/en\/methodology\/#primaryimage"},"image":{"@id":"https:\/\/willemin-macodel.com\/en\/methodology\/#primaryimage"},"thumbnailUrl":"https:\/\/willemin-macodel.com\/wp-content\/uploads\/2019\/04\/WM_Methodologie.jpg","datePublished":"2019-03-07T12:34:06+00:00","dateModified":"2020-01-20T15:02:00+00:00","description":"AVEC VOUS D\u00c8S LE PREMIER JOUR. Nous offrons toute notre expertise d\u00e8s le premier contact. Nous ma\u00eetrisons le couple outil-mati\u00e8re, les gammes d\u2019usinage ou encore les moyens de serrage.","breadcrumb":{"@id":"https:\/\/willemin-macodel.com\/en\/methodology\/#breadcrumb"},"inLanguage":"en-US","potentialAction":[{"@type":"ReadAction","target":["https:\/\/willemin-macodel.com\/en\/methodology\/"]}]},{"@type":"ImageObject","inLanguage":"en-US","@id":"https:\/\/willemin-macodel.com\/en\/methodology\/#primaryimage","url":"https:\/\/willemin-macodel.com\/wp-content\/uploads\/2019\/04\/WM_Methodologie.jpg","contentUrl":"https:\/\/willemin-macodel.com\/wp-content\/uploads\/2019\/04\/WM_Methodologie.jpg","width":1920,"height":868},{"@type":"BreadcrumbList","@id":"https:\/\/willemin-macodel.com\/en\/methodology\/#breadcrumb","itemListElement":[{"@type":"ListItem","position":1,"name":"Home","item":"https:\/\/willemin-macodel.com\/en\/home-page\/"},{"@type":"ListItem","position":2,"name":"methodology"}]},{"@type":"WebSite","@id":"https:\/\/willemin-macodel.com\/en\/#website","url":"https:\/\/willemin-macodel.com\/en\/","name":"Willemin-Macodel","description":"Depuis 50 ans, Willemin-Macodel d\u00e9veloppe les machines, les solutions et les services les plus innovants.","publisher":{"@id":"https:\/\/willemin-macodel.com\/en\/#organization"},"potentialAction":[{"@type":"SearchAction","target":{"@type":"EntryPoint","urlTemplate":"https:\/\/willemin-macodel.com\/en\/?s={search_term_string}"},"query-input":{"@type":"PropertyValueSpecification","valueRequired":true,"valueName":"search_term_string"}}],"inLanguage":"en-US"},{"@type":"Organization","@id":"https:\/\/willemin-macodel.com\/en\/#organization","name":"Willemin-Macodel","url":"https:\/\/willemin-macodel.com\/en\/","logo":{"@type":"ImageObject","inLanguage":"en-US","@id":"https:\/\/willemin-macodel.com\/en\/#\/schema\/logo\/image\/","url":"https:\/\/willemin-macodel.com\/wp-content\/uploads\/2019\/02\/logo.svg","contentUrl":"https:\/\/willemin-macodel.com\/wp-content\/uploads\/2019\/02\/logo.svg","caption":"Willemin-Macodel"},"image":{"@id":"https:\/\/willemin-macodel.com\/en\/#\/schema\/logo\/image\/"}}]}},"_links":{"self":[{"href":"https:\/\/willemin-macodel.com\/en\/wp-json\/wp\/v2\/pages\/3890","targetHints":{"allow":["GET"]}}],"collection":[{"href":"https:\/\/willemin-macodel.com\/en\/wp-json\/wp\/v2\/pages"}],"about":[{"href":"https:\/\/willemin-macodel.com\/en\/wp-json\/wp\/v2\/types\/page"}],"author":[{"embeddable":true,"href":"https:\/\/willemin-macodel.com\/en\/wp-json\/wp\/v2\/users\/2"}],"replies":[{"embeddable":true,"href":"https:\/\/willemin-macodel.com\/en\/wp-json\/wp\/v2\/comments?post=3890"}],"version-history":[{"count":1,"href":"https:\/\/willemin-macodel.com\/en\/wp-json\/wp\/v2\/pages\/3890\/revisions"}],"predecessor-version":[{"id":4579,"href":"https:\/\/willemin-macodel.com\/en\/wp-json\/wp\/v2\/pages\/3890\/revisions\/4579"}],"wp:featuredmedia":[{"embeddable":true,"href":"https:\/\/willemin-macodel.com\/en\/wp-json\/wp\/v2\/media\/2946"}],"wp:attachment":[{"href":"https:\/\/willemin-macodel.com\/en\/wp-json\/wp\/v2\/media?parent=3890"}],"curies":[{"name":"wp","href":"https:\/\/api.w.org\/{rel}","templated":true}]}}