{"id":8382,"date":"2024-05-15T12:00:05","date_gmt":"2024-05-15T10:00:05","guid":{"rendered":"https:\/\/willemin-macodel.com\/entreprise-formatrice\/"},"modified":"2024-05-16T08:30:41","modified_gmt":"2024-05-16T06:30:41","slug":"entreprise-formatrice","status":"publish","type":"page","link":"https:\/\/willemin-macodel.com\/de\/entreprise-formatrice\/","title":{"rendered":"Entreprise Formatrice"},"content":{"rendered":"","protected":false},"excerpt":{"rendered":"","protected":false},"author":3,"featured_media":1440,"parent":0,"menu_order":0,"comment_status":"closed","ping_status":"closed","template":"propos-page.php","meta":{"_acf_changed":false,"ngg_post_thumbnail":0,"footnotes":""},"class_list":["post-8382","page","type-page","status-publish","has-post-thumbnail","hentry"],"acf":[],"yoast_head":"<!-- This site is optimized with the Yoast SEO plugin v25.5 - https:\/\/yoast.com\/wordpress\/plugins\/seo\/ -->\n<title>Entreprise Formatrice - Willemin-Macodel<\/title>\n<meta name=\"description\" content=\"Explorez les m\u00e9tiers que nous proposons et d\u00e9couvrez pourquoi choisir Willemin-Macodel est une opportunit\u00e9 pr\u00e9cieuse pour votre CFC.\" \/>\n<meta name=\"robots\" content=\"index, follow, max-snippet:-1, max-image-preview:large, max-video-preview:-1\" \/>\n<link rel=\"canonical\" href=\"https:\/\/willemin-macodel.com\/de\/entreprise-formatrice\/\" \/>\n<meta property=\"og:locale\" content=\"de_DE\" \/>\n<meta property=\"og:type\" content=\"article\" \/>\n<meta property=\"og:title\" content=\"Entreprise Formatrice - Willemin-Macodel\" \/>\n<meta property=\"og:description\" content=\"Explorez les m\u00e9tiers que nous proposons et d\u00e9couvrez pourquoi choisir Willemin-Macodel est une opportunit\u00e9 pr\u00e9cieuse pour votre CFC.\" \/>\n<meta property=\"og:url\" content=\"https:\/\/willemin-macodel.com\/de\/entreprise-formatrice\/\" \/>\n<meta property=\"og:site_name\" content=\"Willemin-Macodel\" \/>\n<meta property=\"article:modified_time\" content=\"2024-05-16T06:30:41+00:00\" \/>\n<meta property=\"og:image\" content=\"https:\/\/willemin-macodel.com\/wp-content\/uploads\/2018\/12\/home-team-1.jpg\" \/>\n\t<meta property=\"og:image:width\" content=\"1280\" \/>\n\t<meta property=\"og:image:height\" content=\"976\" \/>\n\t<meta property=\"og:image:type\" content=\"image\/jpeg\" \/>\n<meta name=\"twitter:card\" content=\"summary_large_image\" \/>\n<script type=\"application\/ld+json\" class=\"yoast-schema-graph\">{\"@context\":\"https:\/\/schema.org\",\"@graph\":[{\"@type\":\"WebPage\",\"@id\":\"https:\/\/willemin-macodel.com\/de\/entreprise-formatrice\/\",\"url\":\"https:\/\/willemin-macodel.com\/de\/entreprise-formatrice\/\",\"name\":\"Entreprise Formatrice - Willemin-Macodel\",\"isPartOf\":{\"@id\":\"https:\/\/willemin-macodel.com\/de\/#website\"},\"primaryImageOfPage\":{\"@id\":\"https:\/\/willemin-macodel.com\/de\/entreprise-formatrice\/#primaryimage\"},\"image\":{\"@id\":\"https:\/\/willemin-macodel.com\/de\/entreprise-formatrice\/#primaryimage\"},\"thumbnailUrl\":\"https:\/\/willemin-macodel.com\/wp-content\/uploads\/2018\/12\/home-team-1.jpg\",\"datePublished\":\"2024-05-15T10:00:05+00:00\",\"dateModified\":\"2024-05-16T06:30:41+00:00\",\"description\":\"Explorez les m\u00e9tiers que nous proposons et d\u00e9couvrez pourquoi choisir Willemin-Macodel est une opportunit\u00e9 pr\u00e9cieuse pour votre CFC.\",\"breadcrumb\":{\"@id\":\"https:\/\/willemin-macodel.com\/de\/entreprise-formatrice\/#breadcrumb\"},\"inLanguage\":\"de\",\"potentialAction\":[{\"@type\":\"ReadAction\",\"target\":[\"https:\/\/willemin-macodel.com\/de\/entreprise-formatrice\/\"]}]},{\"@type\":\"ImageObject\",\"inLanguage\":\"de\",\"@id\":\"https:\/\/willemin-macodel.com\/de\/entreprise-formatrice\/#primaryimage\",\"url\":\"https:\/\/willemin-macodel.com\/wp-content\/uploads\/2018\/12\/home-team-1.jpg\",\"contentUrl\":\"https:\/\/willemin-macodel.com\/wp-content\/uploads\/2018\/12\/home-team-1.jpg\",\"width\":1280,\"height\":976},{\"@type\":\"BreadcrumbList\",\"@id\":\"https:\/\/willemin-macodel.com\/de\/entreprise-formatrice\/#breadcrumb\",\"itemListElement\":[{\"@type\":\"ListItem\",\"position\":1,\"name\":\"Home\",\"item\":\"https:\/\/willemin-macodel.com\/de\/home-page\/\"},{\"@type\":\"ListItem\",\"position\":2,\"name\":\"Entreprise Formatrice\"}]},{\"@type\":\"WebSite\",\"@id\":\"https:\/\/willemin-macodel.com\/de\/#website\",\"url\":\"https:\/\/willemin-macodel.com\/de\/\",\"name\":\"Willemin-Macodel\",\"description\":\"Depuis 50 ans, Willemin-Macodel d\u00e9veloppe les machines, les solutions et les services les plus innovants.\",\"publisher\":{\"@id\":\"https:\/\/willemin-macodel.com\/de\/#organization\"},\"potentialAction\":[{\"@type\":\"SearchAction\",\"target\":{\"@type\":\"EntryPoint\",\"urlTemplate\":\"https:\/\/willemin-macodel.com\/de\/?s={search_term_string}\"},\"query-input\":{\"@type\":\"PropertyValueSpecification\",\"valueRequired\":true,\"valueName\":\"search_term_string\"}}],\"inLanguage\":\"de\"},{\"@type\":\"Organization\",\"@id\":\"https:\/\/willemin-macodel.com\/de\/#organization\",\"name\":\"Willemin-Macodel\",\"url\":\"https:\/\/willemin-macodel.com\/de\/\",\"logo\":{\"@type\":\"ImageObject\",\"inLanguage\":\"de\",\"@id\":\"https:\/\/willemin-macodel.com\/de\/#\/schema\/logo\/image\/\",\"url\":\"https:\/\/willemin-macodel.com\/wp-content\/uploads\/2019\/02\/logo.svg\",\"contentUrl\":\"https:\/\/willemin-macodel.com\/wp-content\/uploads\/2019\/02\/logo.svg\",\"caption\":\"Willemin-Macodel\"},\"image\":{\"@id\":\"https:\/\/willemin-macodel.com\/de\/#\/schema\/logo\/image\/\"}}]}<\/script>\n<!-- \/ Yoast SEO plugin. -->","yoast_head_json":{"title":"Entreprise Formatrice - Willemin-Macodel","description":"Explorez les m\u00e9tiers que nous proposons et d\u00e9couvrez pourquoi choisir Willemin-Macodel est une opportunit\u00e9 pr\u00e9cieuse pour votre CFC.","robots":{"index":"index","follow":"follow","max-snippet":"max-snippet:-1","max-image-preview":"max-image-preview:large","max-video-preview":"max-video-preview:-1"},"canonical":"https:\/\/willemin-macodel.com\/de\/entreprise-formatrice\/","og_locale":"de_DE","og_type":"article","og_title":"Entreprise Formatrice - Willemin-Macodel","og_description":"Explorez les m\u00e9tiers que nous proposons et d\u00e9couvrez pourquoi choisir Willemin-Macodel est une opportunit\u00e9 pr\u00e9cieuse pour votre CFC.","og_url":"https:\/\/willemin-macodel.com\/de\/entreprise-formatrice\/","og_site_name":"Willemin-Macodel","article_modified_time":"2024-05-16T06:30:41+00:00","og_image":[{"width":1280,"height":976,"url":"https:\/\/willemin-macodel.com\/wp-content\/uploads\/2018\/12\/home-team-1.jpg","type":"image\/jpeg"}],"twitter_card":"summary_large_image","schema":{"@context":"https:\/\/schema.org","@graph":[{"@type":"WebPage","@id":"https:\/\/willemin-macodel.com\/de\/entreprise-formatrice\/","url":"https:\/\/willemin-macodel.com\/de\/entreprise-formatrice\/","name":"Entreprise Formatrice - Willemin-Macodel","isPartOf":{"@id":"https:\/\/willemin-macodel.com\/de\/#website"},"primaryImageOfPage":{"@id":"https:\/\/willemin-macodel.com\/de\/entreprise-formatrice\/#primaryimage"},"image":{"@id":"https:\/\/willemin-macodel.com\/de\/entreprise-formatrice\/#primaryimage"},"thumbnailUrl":"https:\/\/willemin-macodel.com\/wp-content\/uploads\/2018\/12\/home-team-1.jpg","datePublished":"2024-05-15T10:00:05+00:00","dateModified":"2024-05-16T06:30:41+00:00","description":"Explorez les m\u00e9tiers que nous proposons et d\u00e9couvrez pourquoi choisir Willemin-Macodel est une opportunit\u00e9 pr\u00e9cieuse pour votre CFC.","breadcrumb":{"@id":"https:\/\/willemin-macodel.com\/de\/entreprise-formatrice\/#breadcrumb"},"inLanguage":"de","potentialAction":[{"@type":"ReadAction","target":["https:\/\/willemin-macodel.com\/de\/entreprise-formatrice\/"]}]},{"@type":"ImageObject","inLanguage":"de","@id":"https:\/\/willemin-macodel.com\/de\/entreprise-formatrice\/#primaryimage","url":"https:\/\/willemin-macodel.com\/wp-content\/uploads\/2018\/12\/home-team-1.jpg","contentUrl":"https:\/\/willemin-macodel.com\/wp-content\/uploads\/2018\/12\/home-team-1.jpg","width":1280,"height":976},{"@type":"BreadcrumbList","@id":"https:\/\/willemin-macodel.com\/de\/entreprise-formatrice\/#breadcrumb","itemListElement":[{"@type":"ListItem","position":1,"name":"Home","item":"https:\/\/willemin-macodel.com\/de\/home-page\/"},{"@type":"ListItem","position":2,"name":"Entreprise Formatrice"}]},{"@type":"WebSite","@id":"https:\/\/willemin-macodel.com\/de\/#website","url":"https:\/\/willemin-macodel.com\/de\/","name":"Willemin-Macodel","description":"Depuis 50 ans, Willemin-Macodel d\u00e9veloppe les machines, les solutions et les services les plus innovants.","publisher":{"@id":"https:\/\/willemin-macodel.com\/de\/#organization"},"potentialAction":[{"@type":"SearchAction","target":{"@type":"EntryPoint","urlTemplate":"https:\/\/willemin-macodel.com\/de\/?s={search_term_string}"},"query-input":{"@type":"PropertyValueSpecification","valueRequired":true,"valueName":"search_term_string"}}],"inLanguage":"de"},{"@type":"Organization","@id":"https:\/\/willemin-macodel.com\/de\/#organization","name":"Willemin-Macodel","url":"https:\/\/willemin-macodel.com\/de\/","logo":{"@type":"ImageObject","inLanguage":"de","@id":"https:\/\/willemin-macodel.com\/de\/#\/schema\/logo\/image\/","url":"https:\/\/willemin-macodel.com\/wp-content\/uploads\/2019\/02\/logo.svg","contentUrl":"https:\/\/willemin-macodel.com\/wp-content\/uploads\/2019\/02\/logo.svg","caption":"Willemin-Macodel"},"image":{"@id":"https:\/\/willemin-macodel.com\/de\/#\/schema\/logo\/image\/"}}]}},"_links":{"self":[{"href":"https:\/\/willemin-macodel.com\/de\/wp-json\/wp\/v2\/pages\/8382","targetHints":{"allow":["GET"]}}],"collection":[{"href":"https:\/\/willemin-macodel.com\/de\/wp-json\/wp\/v2\/pages"}],"about":[{"href":"https:\/\/willemin-macodel.com\/de\/wp-json\/wp\/v2\/types\/page"}],"author":[{"embeddable":true,"href":"https:\/\/willemin-macodel.com\/de\/wp-json\/wp\/v2\/users\/3"}],"replies":[{"embeddable":true,"href":"https:\/\/willemin-macodel.com\/de\/wp-json\/wp\/v2\/comments?post=8382"}],"version-history":[{"count":4,"href":"https:\/\/willemin-macodel.com\/de\/wp-json\/wp\/v2\/pages\/8382\/revisions"}],"predecessor-version":[{"id":8403,"href":"https:\/\/willemin-macodel.com\/de\/wp-json\/wp\/v2\/pages\/8382\/revisions\/8403"}],"wp:featuredmedia":[{"embeddable":true,"href":"https:\/\/willemin-macodel.com\/de\/wp-json\/wp\/v2\/media\/1440"}],"wp:attachment":[{"href":"https:\/\/willemin-macodel.com\/de\/wp-json\/wp\/v2\/media?parent=8382"}],"curies":[{"name":"wp","href":"https:\/\/api.w.org\/{rel}","templated":true}]}}