{"id":8157,"date":"2024-04-25T14:25:01","date_gmt":"2024-04-25T12:25:01","guid":{"rendered":"https:\/\/willemin-macodel.com\/lohngleichheit\/"},"modified":"2024-04-29T06:57:47","modified_gmt":"2024-04-29T04:57:47","slug":"lohngleichheit","status":"publish","type":"page","link":"https:\/\/willemin-macodel.com\/de\/lohngleichheit\/","title":{"rendered":"Lohngleichheit"},"content":{"rendered":"<p>Willemin-Macodel SA erh\u00e4lt die L&amp;M-Aba-R \u00ae Zertifizierung f\u00fcr Lohngleichheit.<\/p>\n<p>Willemin-Macodel AG ist stolz darauf, die L&amp;M-Aba-R \u00ae Zertifizierung f\u00fcr die Lohngleichheit zwischen M\u00e4nnern und Frauen erhalten zu haben. Diese Zertifizierung ist eine Anerkennung des Engagements des Unternehmens f\u00fcr faire Bezahlung.<\/p>\n<p>Starkes Engagement f\u00fcr Gleichstellung.<\/p>\n<p>Seit vielen Jahren ist Willemin-Macodel SA davon \u00fcberzeugt, dass Chancengleichheit und Gleichbehandlung f\u00fcr das Wohlbefinden seiner Mitarbeiterinnen und Mitarbeiter und den Erfolg des Unternehmens entscheidend sind. Die L&amp;M-Aba-R \u00ae Zertifizierung ist ein wichtiger Schritt zur Formalisierung dieses Engagements. Sie best\u00e4tigt das Engagement des Unternehmens f\u00fcr Lohngleichheit und st\u00e4rkt seine Position als verantwortungsvoller und attraktiver Arbeitgeber.<\/p>\n<p>&nbsp;<\/p>\n<p>ZERTIFIKAT-DOWNLOAD<\/p>\n<p><a href=\"https:\/\/willemin-macodel.com\/wp-content\/uploads\/2024\/04\/Egalite-de-salaires-entre-homme-et-femme-no-2024-5424.pdf\">Zertifizierung L&amp;M-Aba-R \u00ae f\u00fcr Lohngleichheit<\/a><\/p>\n","protected":false},"excerpt":{"rendered":"","protected":false},"author":3,"featured_media":8123,"parent":0,"menu_order":0,"comment_status":"closed","ping_status":"closed","template":"single-article-page.php","meta":{"_acf_changed":false,"ngg_post_thumbnail":0,"footnotes":""},"class_list":["post-8157","page","type-page","status-publish","has-post-thumbnail","hentry"],"acf":[],"yoast_head":"<!-- This site is optimized with the Yoast SEO plugin v25.5 - https:\/\/yoast.com\/wordpress\/plugins\/seo\/ -->\n<title>Lohngleichheit - Willemin-Macodel<\/title>\n<meta name=\"description\" content=\".\" \/>\n<meta name=\"robots\" content=\"index, follow, max-snippet:-1, max-image-preview:large, max-video-preview:-1\" \/>\n<link rel=\"canonical\" href=\"https:\/\/willemin-macodel.com\/de\/lohngleichheit\/\" \/>\n<meta property=\"og:locale\" content=\"de_DE\" \/>\n<meta property=\"og:type\" content=\"article\" \/>\n<meta property=\"og:title\" content=\"Lohngleichheit - Willemin-Macodel\" \/>\n<meta property=\"og:description\" content=\".\" \/>\n<meta property=\"og:url\" content=\"https:\/\/willemin-macodel.com\/de\/lohngleichheit\/\" \/>\n<meta property=\"og:site_name\" content=\"Willemin-Macodel\" \/>\n<meta property=\"article:modified_time\" content=\"2024-04-29T04:57:47+00:00\" \/>\n<meta property=\"og:image\" content=\"https:\/\/willemin-macodel.com\/wp-content\/uploads\/2024\/04\/Banniere-egalite-scaled.jpg\" \/>\n\t<meta property=\"og:image:width\" content=\"2560\" \/>\n\t<meta property=\"og:image:height\" content=\"1236\" \/>\n\t<meta property=\"og:image:type\" content=\"image\/jpeg\" \/>\n<meta name=\"twitter:card\" content=\"summary_large_image\" \/>\n<meta name=\"twitter:label1\" content=\"Gesch\u00e4tzte Lesezeit\" \/>\n\t<meta name=\"twitter:data1\" content=\"1\u00a0Minute\" \/>\n<script type=\"application\/ld+json\" class=\"yoast-schema-graph\">{\"@context\":\"https:\/\/schema.org\",\"@graph\":[{\"@type\":\"WebPage\",\"@id\":\"https:\/\/willemin-macodel.com\/de\/lohngleichheit\/\",\"url\":\"https:\/\/willemin-macodel.com\/de\/lohngleichheit\/\",\"name\":\"Lohngleichheit - Willemin-Macodel\",\"isPartOf\":{\"@id\":\"https:\/\/willemin-macodel.com\/de\/#website\"},\"primaryImageOfPage\":{\"@id\":\"https:\/\/willemin-macodel.com\/de\/lohngleichheit\/#primaryimage\"},\"image\":{\"@id\":\"https:\/\/willemin-macodel.com\/de\/lohngleichheit\/#primaryimage\"},\"thumbnailUrl\":\"https:\/\/willemin-macodel.com\/wp-content\/uploads\/2024\/04\/Banniere-egalite-scaled.jpg\",\"datePublished\":\"2024-04-25T12:25:01+00:00\",\"dateModified\":\"2024-04-29T04:57:47+00:00\",\"description\":\".\",\"breadcrumb\":{\"@id\":\"https:\/\/willemin-macodel.com\/de\/lohngleichheit\/#breadcrumb\"},\"inLanguage\":\"de\",\"potentialAction\":[{\"@type\":\"ReadAction\",\"target\":[\"https:\/\/willemin-macodel.com\/de\/lohngleichheit\/\"]}]},{\"@type\":\"ImageObject\",\"inLanguage\":\"de\",\"@id\":\"https:\/\/willemin-macodel.com\/de\/lohngleichheit\/#primaryimage\",\"url\":\"https:\/\/willemin-macodel.com\/wp-content\/uploads\/2024\/04\/Banniere-egalite-scaled.jpg\",\"contentUrl\":\"https:\/\/willemin-macodel.com\/wp-content\/uploads\/2024\/04\/Banniere-egalite-scaled.jpg\",\"width\":2560,\"height\":1236},{\"@type\":\"BreadcrumbList\",\"@id\":\"https:\/\/willemin-macodel.com\/de\/lohngleichheit\/#breadcrumb\",\"itemListElement\":[{\"@type\":\"ListItem\",\"position\":1,\"name\":\"Home\",\"item\":\"https:\/\/willemin-macodel.com\/de\/home-page\/\"},{\"@type\":\"ListItem\",\"position\":2,\"name\":\"Lohngleichheit\"}]},{\"@type\":\"WebSite\",\"@id\":\"https:\/\/willemin-macodel.com\/de\/#website\",\"url\":\"https:\/\/willemin-macodel.com\/de\/\",\"name\":\"Willemin-Macodel\",\"description\":\"Depuis 50 ans, Willemin-Macodel d\u00e9veloppe les machines, les solutions et les services les plus innovants.\",\"publisher\":{\"@id\":\"https:\/\/willemin-macodel.com\/de\/#organization\"},\"potentialAction\":[{\"@type\":\"SearchAction\",\"target\":{\"@type\":\"EntryPoint\",\"urlTemplate\":\"https:\/\/willemin-macodel.com\/de\/?s={search_term_string}\"},\"query-input\":{\"@type\":\"PropertyValueSpecification\",\"valueRequired\":true,\"valueName\":\"search_term_string\"}}],\"inLanguage\":\"de\"},{\"@type\":\"Organization\",\"@id\":\"https:\/\/willemin-macodel.com\/de\/#organization\",\"name\":\"Willemin-Macodel\",\"url\":\"https:\/\/willemin-macodel.com\/de\/\",\"logo\":{\"@type\":\"ImageObject\",\"inLanguage\":\"de\",\"@id\":\"https:\/\/willemin-macodel.com\/de\/#\/schema\/logo\/image\/\",\"url\":\"https:\/\/willemin-macodel.com\/wp-content\/uploads\/2019\/02\/logo.svg\",\"contentUrl\":\"https:\/\/willemin-macodel.com\/wp-content\/uploads\/2019\/02\/logo.svg\",\"caption\":\"Willemin-Macodel\"},\"image\":{\"@id\":\"https:\/\/willemin-macodel.com\/de\/#\/schema\/logo\/image\/\"}}]}<\/script>\n<!-- \/ Yoast SEO plugin. -->","yoast_head_json":{"title":"Lohngleichheit - Willemin-Macodel","description":".","robots":{"index":"index","follow":"follow","max-snippet":"max-snippet:-1","max-image-preview":"max-image-preview:large","max-video-preview":"max-video-preview:-1"},"canonical":"https:\/\/willemin-macodel.com\/de\/lohngleichheit\/","og_locale":"de_DE","og_type":"article","og_title":"Lohngleichheit - Willemin-Macodel","og_description":".","og_url":"https:\/\/willemin-macodel.com\/de\/lohngleichheit\/","og_site_name":"Willemin-Macodel","article_modified_time":"2024-04-29T04:57:47+00:00","og_image":[{"width":2560,"height":1236,"url":"https:\/\/willemin-macodel.com\/wp-content\/uploads\/2024\/04\/Banniere-egalite-scaled.jpg","type":"image\/jpeg"}],"twitter_card":"summary_large_image","twitter_misc":{"Gesch\u00e4tzte Lesezeit":"1\u00a0Minute"},"schema":{"@context":"https:\/\/schema.org","@graph":[{"@type":"WebPage","@id":"https:\/\/willemin-macodel.com\/de\/lohngleichheit\/","url":"https:\/\/willemin-macodel.com\/de\/lohngleichheit\/","name":"Lohngleichheit - Willemin-Macodel","isPartOf":{"@id":"https:\/\/willemin-macodel.com\/de\/#website"},"primaryImageOfPage":{"@id":"https:\/\/willemin-macodel.com\/de\/lohngleichheit\/#primaryimage"},"image":{"@id":"https:\/\/willemin-macodel.com\/de\/lohngleichheit\/#primaryimage"},"thumbnailUrl":"https:\/\/willemin-macodel.com\/wp-content\/uploads\/2024\/04\/Banniere-egalite-scaled.jpg","datePublished":"2024-04-25T12:25:01+00:00","dateModified":"2024-04-29T04:57:47+00:00","description":".","breadcrumb":{"@id":"https:\/\/willemin-macodel.com\/de\/lohngleichheit\/#breadcrumb"},"inLanguage":"de","potentialAction":[{"@type":"ReadAction","target":["https:\/\/willemin-macodel.com\/de\/lohngleichheit\/"]}]},{"@type":"ImageObject","inLanguage":"de","@id":"https:\/\/willemin-macodel.com\/de\/lohngleichheit\/#primaryimage","url":"https:\/\/willemin-macodel.com\/wp-content\/uploads\/2024\/04\/Banniere-egalite-scaled.jpg","contentUrl":"https:\/\/willemin-macodel.com\/wp-content\/uploads\/2024\/04\/Banniere-egalite-scaled.jpg","width":2560,"height":1236},{"@type":"BreadcrumbList","@id":"https:\/\/willemin-macodel.com\/de\/lohngleichheit\/#breadcrumb","itemListElement":[{"@type":"ListItem","position":1,"name":"Home","item":"https:\/\/willemin-macodel.com\/de\/home-page\/"},{"@type":"ListItem","position":2,"name":"Lohngleichheit"}]},{"@type":"WebSite","@id":"https:\/\/willemin-macodel.com\/de\/#website","url":"https:\/\/willemin-macodel.com\/de\/","name":"Willemin-Macodel","description":"Depuis 50 ans, Willemin-Macodel d\u00e9veloppe les machines, les solutions et les services les plus innovants.","publisher":{"@id":"https:\/\/willemin-macodel.com\/de\/#organization"},"potentialAction":[{"@type":"SearchAction","target":{"@type":"EntryPoint","urlTemplate":"https:\/\/willemin-macodel.com\/de\/?s={search_term_string}"},"query-input":{"@type":"PropertyValueSpecification","valueRequired":true,"valueName":"search_term_string"}}],"inLanguage":"de"},{"@type":"Organization","@id":"https:\/\/willemin-macodel.com\/de\/#organization","name":"Willemin-Macodel","url":"https:\/\/willemin-macodel.com\/de\/","logo":{"@type":"ImageObject","inLanguage":"de","@id":"https:\/\/willemin-macodel.com\/de\/#\/schema\/logo\/image\/","url":"https:\/\/willemin-macodel.com\/wp-content\/uploads\/2019\/02\/logo.svg","contentUrl":"https:\/\/willemin-macodel.com\/wp-content\/uploads\/2019\/02\/logo.svg","caption":"Willemin-Macodel"},"image":{"@id":"https:\/\/willemin-macodel.com\/de\/#\/schema\/logo\/image\/"}}]}},"_links":{"self":[{"href":"https:\/\/willemin-macodel.com\/de\/wp-json\/wp\/v2\/pages\/8157","targetHints":{"allow":["GET"]}}],"collection":[{"href":"https:\/\/willemin-macodel.com\/de\/wp-json\/wp\/v2\/pages"}],"about":[{"href":"https:\/\/willemin-macodel.com\/de\/wp-json\/wp\/v2\/types\/page"}],"author":[{"embeddable":true,"href":"https:\/\/willemin-macodel.com\/de\/wp-json\/wp\/v2\/users\/3"}],"replies":[{"embeddable":true,"href":"https:\/\/willemin-macodel.com\/de\/wp-json\/wp\/v2\/comments?post=8157"}],"version-history":[{"count":5,"href":"https:\/\/willemin-macodel.com\/de\/wp-json\/wp\/v2\/pages\/8157\/revisions"}],"predecessor-version":[{"id":8162,"href":"https:\/\/willemin-macodel.com\/de\/wp-json\/wp\/v2\/pages\/8157\/revisions\/8162"}],"wp:featuredmedia":[{"embeddable":true,"href":"https:\/\/willemin-macodel.com\/de\/wp-json\/wp\/v2\/media\/8123"}],"wp:attachment":[{"href":"https:\/\/willemin-macodel.com\/de\/wp-json\/wp\/v2\/media?parent=8157"}],"curies":[{"name":"wp","href":"https:\/\/api.w.org\/{rel}","templated":true}]}}