{"id":6855,"date":"2026-02-11T08:30:29","date_gmt":"2026-02-11T07:30:29","guid":{"rendered":"https:\/\/willemin-macodel.com\/datenschutzrichtlinie\/"},"modified":"2026-04-14T21:25:14","modified_gmt":"2026-04-14T19:25:14","slug":"datenschutzrichtlinie","status":"publish","type":"page","link":"https:\/\/willemin-macodel.com\/de\/datenschutzrichtlinie\/","title":{"rendered":"Datenschutzrichtlinie"},"content":{"rendered":"\n<div class=\"wp-block-cover  \" style=\"border-top-left-radius:8px;border-top-right-radius:8px;border-bottom-left-radius:8px;border-bottom-right-radius:8px;margin-top:var(--wp--preset--spacing--80);margin-bottom:var(--wp--preset--spacing--20);min-height:200px;aspect-ratio:unset;\"><span aria-hidden=\"true\" class=\"wp-block-cover__background has-bleu-fonce-background-color has-background-dim-100 has-background-dim\"><\/span><div class=\"wp-block-cover__inner-container is-layout-constrained wp-block-cover-is-layout-constrained\">\n<h1 class=\"c-heading wp-block-heading has-text-align-center has-theme-white-color has-text-color has-link-color has-large-font-size wp-elements-8038ac5e4422b32e57e5db8f71eeccba\">Datenschutzrichtlinie<\/h1>\n<\/div><\/div>\n            <div class=\"wp-block-habefast-advanced-layout-group is-layout-constrained wp-block-habefast-advanced-layout-group-is-layout-constrained\">\r\n                <div class=\"wp-block-habefast-advanced-group-container is-style- is-layout-constrained\"  style='--_hfal-cg-d-lg:flex;--_hfal-cg-p-b-lg:var(--wp--preset--spacing--50);--_hfal-cg-p-t-tablet:var(--wp--preset--spacing--30);--_hfal-cg-p-r-tablet:41px;--_hfal-cg-p-b-tablet:var(--wp--preset--spacing--50);--_hfal-cg-p-l-tablet:40px;--_hfal-cg-p-t-sm:var(--wp--preset--spacing--30);--_hfal-cg-p-r-sm:21px;--_hfal-cg-p-b-sm:41px;--_hfal-cg-p-l-sm:21px;--_hfal-cg-p-t-lg:var(--wp--preset--spacing--30);--_hfal-cg-d-tablet:flex;--_hfal-cg-d-md:flex;--_hfal-cg-d-sm:flex;--_hfal-cg-p-b-md:var(--wp--preset--spacing--50);--_hfal-cg-p-t-md:var(--wp--preset--spacing--30);--_hfal-cg-p-r-md:41px;--_hfal-cg-p-l-md:40px;'>\r\n                                        <div class=\"wp-block-habefast-advanced-group-inner is-layout-flow\">\r\n                        \n\n<p class=\"\">Willemin-Macodel SA (nachfolgend das &#8222;Unternehmen&#8220; oder &#8222;Wir&#8220;) ist sich der Bedeutung des Schutzes der Privatsph\u00e4re und der pers\u00f6nlichen Freiheiten bewusst und verpflichtet sich, diese in \u00dcbereinstimmung mit dem anwendbaren Recht zu sch\u00fctzen, insbesondere mit dem Bundesgesetz \u00fcber den Datenschutz vom 25. September 2020 sowie der Verordnung (EU) 2016\/679 vom 27. April 2016 (nachfolgend die &#8222;Verordnung&#8220;).  <br\/>Die Datenschutzrichtlinie soll Sie \u00fcber die Prinzipien informieren, wie wir Ihre pers\u00f6nlichen Daten verarbeiten, und \u00fcber die Rechte, die Sie in Bezug auf Ihre pers\u00f6nlichen Daten haben.<\/p>\n\n\n\n<h2 class=\"c-heading wp-block-heading has-taille-20-font-size\" style=\"margin-top:0;padding-top:var(--wp--preset--spacing--30)\">Wer ist der f\u00fcr die Verarbeitung Verantwortliche?<\/h2>\n\n\n\n<p style=\"margin-top:var(--wp--preset--spacing--10)\" class=\"\">Willemin-Macodel SA, mit Sitz in Route de la Communance 59, CH-2800 Del\u00e9mont, ist der Verantwortliche f\u00fcr die Datenverarbeitung.  <br\/>Wenn Sie Fragen zur Verarbeitung Ihrer pers\u00f6nlichen Daten haben und\/oder die Rechte aus\u00fcben m\u00f6chten, die Ihnen nach den Vorschriften zustehen, k\u00f6nnen Sie uns kontaktieren:<\/p>\n\n\n\n<ul style=\"margin-top:var(--wp--preset--spacing--10);padding-left:var(--wp--preset--spacing--30)\" class=\"c-list wp-block-list  \">\n<li class=\"\">Per Post an die Adresse: Willemin-Macodel SA - Datenschutz, Route de la Communance 59, CH-2800 Del\u00e9mont ;<\/li>\n\n\n\n<li class=\"\">Per E-Mail an: <a href=\"mailto:dpo@willemin-macodel.com\">dpo@willemin-macodel.com<\/a>.<\/li>\n<\/ul>\n\n\n\n<h2 class=\"c-heading wp-block-heading has-taille-20-font-size\" style=\"margin-top:0;padding-top:var(--wp--preset--spacing--30)\">Welche pers\u00f6nlichen Daten werden \u00fcber mich verarbeitet?  <\/h2>\n\n\n\n<p style=\"margin-top:var(--wp--preset--spacing--10)\" class=\"\">Wir bem\u00fchen uns, nur die Daten zu sammeln und zu verwenden, die f\u00fcr die Zwecke der Verarbeitung relevant und unbedingt erforderlich sind.  <br\/>Wir k\u00f6nnen die folgenden Kategorien von Daten verarbeiten:<\/p>\n\n\n\n<ul style=\"margin-top:var(--wp--preset--spacing--10);padding-left:var(--wp--preset--spacing--30)\" class=\"c-list wp-block-list  \">\n<li class=\"\">Identifizierungsdaten: Anrede, Name, Vorname, Firmenname (Unternehmen)<\/li>\n\n\n\n<li class=\"\">Daten zum Berufsleben (f\u00fcr Unternehmen): Funktion (f\u00fcr Ansprechpartner f\u00fcr Unternehmen), Unternehmens-Identifikationsnummer (UID), Umsatzsteuer-Identifikationsnummer (USt.-ID)<\/li>\n\n\n\n<li class=\"\">Kontaktdaten: Postanschrift f\u00fcr die Rechnung und Postanschrift f\u00fcr die Lieferung (falls unterschiedlich), E-Mail-Adresse, Festnetz-Telefonnummer<\/li>\n\n\n\n<li class=\"\">Bankdaten: IBAN-Nummer, Bankauszug, Postauszug, Zahlungsdaten  <\/li>\n\n\n\n<li class=\"\">Andere Daten, die Sie uns spontan mitteilen, insbesondere \u00fcber unser Kontaktformular.  <\/li>\n<\/ul>\n\n\n\n<h2 class=\"c-heading wp-block-heading has-taille-20-font-size\" style=\"margin-top:0;padding-top:var(--wp--preset--spacing--30)\">Was sind die Zwecke und Rechtsgrundlagen der Verarbeitung?  <\/h2>\n\n\n\n<figure class=\"wp-block-table  \"><table class=\"has-fixed-layout\"><tbody><tr><td>Verwaltung von Kontaktanfragen und Post<\/td><td>das legitime Interesse der Gesellschaft, ihre Post zu verwalten und Kontaktanfragen zu beantworten<\/td><\/tr><tr><td>Erstellung und Verwaltung von Angeboten<\/td><td>Durchf\u00fchrung von vorvertraglichen Ma\u00dfnahmen, die auf Ihren Antrag hin ergriffen wurden<\/td><\/tr><tr><td>Ausarbeitung und \u00dcberwachung von Vertr\u00e4gen<\/td><td>Berechtigtes Interesse der Gesellschaft an der Verwaltung ihrer vertraglichen Beziehungen<\/td><\/tr><tr><td>Bearbeitung des Auftrags<\/td><td>Erf\u00fcllung des Auftragsvertrags \/ vorvertragliche Ma\u00dfnahmen, die auf Ihren Antrag hin ergriffen werden<\/td><\/tr><tr><td>Logistische Abwicklung des Auftrags<\/td><td>Erf\u00fcllung des Auftragsvertrags<\/td><\/tr><tr><td>\u00dcberwachung der Gesch\u00e4ftsbeziehung<\/td><td>Erf\u00fcllung des Auftragsvertrags<\/td><\/tr><tr><td>Projektmanagement<\/td><td>Erf\u00fcllung des Auftragsvertrags \/ vorvertragliche Ma\u00dfnahmen, die auf Ihren Antrag hin ergriffen werden<\/td><\/tr><tr><td>Verwaltung der Rechnungsstellung<\/td><td>Erf\u00fcllung des Auftragsvertrags<\/td><\/tr><tr><td>Verwaltung der externen Video\u00fcberwachung (Umgebung des Geb\u00e4udes)<\/td><td>Berechtigtes Interesse der Gesellschaft, die Sicherheit von Eigentum und Personen zu gew\u00e4hrleisten<\/td><\/tr><tr><td>Verwaltung m\u00f6glicher Vor- und Streitf\u00e4lle<\/td><td>Berechtigtes Interesse der Gesellschaft am Schutz und der Verteidigung ihrer rechtlichen Interessen<\/td><\/tr><tr><td>Verwaltung der kommerziellen und gesetzlichen Garantien<\/td><td>Erf\u00fcllung des Bestellvertrags \/ gesetzliche Verpflichtung gem\u00e4\u00df der betreffenden Garantie<\/td><\/tr><tr><td>Verwaltung des Wissens \u00fcber Kunden\/Interessenten<\/td><td>Verwaltung der Kenntnisse \u00fcber Kunden\/Interessenten <br\/>Berechtigtes Interesse der Gesellschaft, ihre Kunden und Interessenten besser kennen zu lernen<\/td><\/tr><tr><td>Personalisierung der Kundenerfahrung<\/td><td>Zustimmung<\/td><\/tr><tr><td>Elektronische Werbung, insbesondere: <br\/>Versand von Newslettern; <br\/>Versand von kommerziellen Mitteilungen.<br\/>Postalische Werbung (z.B. Versand von Katalogen)<\/td><td>Zustimmung \/ berechtigtes Interesse der Gesellschaft an der Werbung f\u00fcr ihre Produkte, je nach Fall<\/td><\/tr><tr><td>Organisation\/Teilnahme an Veranstaltungen zur Kundenentwicklung und -bindung<\/td><td>Berechtigtes Interesse der Gesellschaft an der Entwicklung und Bindung von Kunden<\/td><\/tr><tr><td>Erstellung von Handelsstatistiken<\/td><td>Rechtm\u00e4\u00dfiges Interesse der Gesellschaft an der \u00dcberwachung ihrer T\u00e4tigkeit<\/td><\/tr><tr><td>Verwaltung von Anfragen zur Aus\u00fcbung von Rechten in Bezug auf den Schutz personenbezogener Daten<\/td><td>Gesetzliche Verpflichtung<\/td><\/tr><tr><td>Verwaltung von sozialen Netzwerken<\/td><td>Legitimes Interesse der Gesellschaft an der Generierung von Leads und der Verwaltung ihrer Kommunikation<\/td><\/tr><tr><td>Verhinderung und Bek\u00e4mpfung von Computerbetrug<\/td><td>Rechtm\u00e4\u00dfiges Interesse der Gesellschaft an der Bek\u00e4mpfung von Computerbetrug und der Gew\u00e4hrleistung der Computersicherheit<\/td><\/tr><tr><td>Daten der Kandidaten<\/td><td>Wir bitten Sie, die Datenschutzerkl\u00e4rung f\u00fcr Bewerber zu beachten.<\/td><\/tr><\/tbody><\/table><\/figure>\n\n\n\n<p class=\"\">Wenn Sie unsere Website besuchen oder unsere Dienstleistungen in Anspruch nehmen, k\u00f6nnen wir auch automatisch bestimmte Informationen sammeln, einschlie\u00dflich Ihrer IP-Adresse, des von Ihnen verwendeten Browsertyps, der von Ihnen besuchten Seiten, des Datums und der Uhrzeit des Zugriffs und anderer Statistiken.Ihre pers\u00f6nlichen Daten werden nur f\u00fcr die unten beschriebenen Zwecke und auf der Grundlage der damit verbundenen Rechtsgrundlage verwendet:<\/p>\n\n\n\n<h2 class=\"c-heading wp-block-heading has-taille-20-font-size\" style=\"margin-top:0;padding-top:var(--wp--preset--spacing--30)\">An wen werden meine Daten weitergeleitet?  <\/h2>\n\n\n\n<p style=\"margin-top:var(--wp--preset--spacing--10)\" class=\"\">Ihre pers\u00f6nlichen Daten k\u00f6nnen von unseren Mitarbeitern im Rahmen ihrer jeweiligen Befugnisse und ausschlie\u00dflich zu den Zwecken dieser Politik verarbeitet werden. Dies gilt insbesondere f\u00fcr die Verkaufsabteilung, die Logistikabteilung, die Marketingabteilung, die IT-Abteilung und die Buchhaltungsabteilung. <br\/>Unter strenger Ber\u00fccksichtigung der angestrebten Zwecke k\u00f6nnen Ihre pers\u00f6nlichen Daten insbesondere an die folgenden Empf\u00e4nger weitergeleitet werden:<\/p>\n\n\n\n<ul style=\"margin-top:var(--wp--preset--spacing--10);padding-left:var(--wp--preset--spacing--30)\" class=\"c-list wp-block-list  \">\n<li class=\"\">Externe Dienstleister, auf die wir im Rahmen unserer Gesch\u00e4ftst\u00e4tigkeit zur\u00fcckgreifen k\u00f6nnen (insbesondere unsere IT-Dienstleister und die Anbieter unserer Software);<\/li>\n\n\n\n<li class=\"\">Gegebenenfalls an rechtlich befugte Dritte, die berechtigt sind, davon Kenntnis zu nehmen.  <\/li>\n<\/ul>\n\n\n\n<h2 class=\"c-heading wp-block-heading has-taille-20-font-size\" style=\"margin-top:0;padding-top:var(--wp--preset--spacing--30)\">Werden meine pers\u00f6nlichen Daten ins Ausland weitergegeben?  <\/h2>\n\n\n\n<p style=\"margin-top:var(--wp--preset--spacing--10)\" class=\"\">Ihre pers\u00f6nlichen Daten k\u00f6nnen ins Ausland \u00fcbermittelt werden. In einem solchen Fall ergreifen wir systematisch alle geeigneten Ma\u00dfnahmen, um zu \u00fcberpr\u00fcfen und gegebenenfalls zu gew\u00e4hrleisten, dass die L\u00e4nder, an die die Daten weitergeleitet werden, ein angemessenes und den schweizerischen und europ\u00e4ischen Vorschriften gleichwertiges Schutzniveau einhalten, insbesondere durch die Unterzeichnung von Standardvertragsklauseln, die von den zust\u00e4ndigen Beh\u00f6rden f\u00fcr den Schutz personenbezogener Daten erstellt oder anerkannt werden. <\/p>\n\n\n\n<h2 class=\"c-heading wp-block-heading has-taille-20-font-size\" style=\"margin-top:0;padding-top:var(--wp--preset--spacing--30)\">Wie lange werden meine pers\u00f6nlichen Daten gespeichert?  <\/h2>\n\n\n\n<p style=\"margin-top:var(--wp--preset--spacing--10)\" class=\"\">Alle personenbezogenen Daten, die wir verarbeiten, werden nicht l\u00e4nger aufbewahrt, als es f\u00fcr den Zweck, f\u00fcr den sie verarbeitet werden, erforderlich ist. Im Allgemeinen werden die Kontaktdaten, die Sie uns zur Verf\u00fcgung stellen, so lange aufbewahrt, wie eine Gesch\u00e4ftsbeziehung besteht. Wenn wir einen Vertrag mit Ihnen haben, werden wir die gesetzlichen Aufbewahrungsfristen anwenden, die f\u00fcr diese Art von Vertrag gelten. <br\/>Wenn Sie w\u00fcnschen, dass Ihre Daten innerhalb einer anderen Frist gel\u00f6scht werden, k\u00f6nnen Sie uns kontaktieren: <a href=\"mailto:dpo@willemin-macodel.com\">dpo@willemin-macodel.com<\/a>  <\/p>\n\n\n\n<h2 class=\"c-heading wp-block-heading has-taille-20-font-size\" style=\"padding-top:var(--wp--preset--spacing--30)\">Sind meine pers\u00f6nlichen Daten sicher?  <\/h2>\n\n\n\n<p style=\"margin-top:var(--wp--preset--spacing--10)\" class=\"\">Wir sind bestrebt, die Vertraulichkeit, Integrit\u00e4t, Verf\u00fcgbarkeit und Sicherheit Ihrer pers\u00f6nlichen Daten zu gew\u00e4hrleisten.<strong> <\/strong>In \u00dcbereinstimmung mit den Vorschriften bem\u00fchen wir uns, geeignete technische und organisatorische Ma\u00dfnahmen zu ergreifen, um ein Sicherheitsniveau zu gew\u00e4hrleisten, das dem Risiko bei der Verarbeitung Ihrer pers\u00f6nlichen Daten angemessen ist. Wir setzen auch Mittel ein, um im Rahmen des M\u00f6glichen Verlust, zuf\u00e4llige Zerst\u00f6rung, \u00c4nderung und unberechtigten Zugriff auf Ihre pers\u00f6nlichen Daten zu verhindern. <br\/><\/p>\n\n\n\n<h2 class=\"c-heading wp-block-heading has-taille-20-font-size\" style=\"margin-top:0;padding-top:var(--wp--preset--spacing--30)\">Wie kann ich den Newsletter abbestellen?  <\/h2>\n\n\n\n<p style=\"margin-top:var(--wp--preset--spacing--10)\" class=\"\">Wenn Sie einen Newsletter abonniert haben, informieren wir Sie, dass Sie diesen abbestellen k\u00f6nnen, indem Sie auf den Link &#8222;Abbestellen&#8220; klicken, der in der Fu\u00dfzeile jeder E-Mail, die Sie in diesem Rahmen erhalten, zug\u00e4nglich ist.<\/p>\n\n\n\n<h2 class=\"c-heading wp-block-heading has-taille-20-font-size\" style=\"margin-top:0;padding-top:var(--wp--preset--spacing--30)\">Welche Rechte habe ich in Bezug auf meine pers\u00f6nlichen Daten?  <\/h2>\n\n\n\n<p style=\"margin-top:var(--wp--preset--spacing--10)\" class=\"\">In \u00dcbereinstimmung mit den Vorschriften verf\u00fcgen Sie \u00fcber :  <\/p>\n\n\n\n<ul style=\"margin-top:var(--wp--preset--spacing--10);padding-left:var(--wp--preset--spacing--30)\" class=\"c-list wp-block-list  \">\n<li class=\"\">Ein Recht auf Zugang und Berichtigung Ihrer pers\u00f6nlichen Daten;  <\/li>\n\n\n\n<li class=\"\">Ein Recht auf Widerspruch gegen die Verarbeitung Ihrer pers\u00f6nlichen Daten;<\/li>\n\n\n\n<li class=\"\">In den von den Gesetzen vorgesehenen F\u00e4llen das Recht, die Einschr\u00e4nkung der Verarbeitung Ihrer pers\u00f6nlichen Daten und\/oder die L\u00f6schung Ihrer pers\u00f6nlichen Daten zu verlangen;  <\/li>\n\n\n\n<li class=\"\">Ein Recht, die \u00dcbertragbarkeit Ihrer pers\u00f6nlichen Daten zu verlangen, f\u00fcr Ihren eigenen Gebrauch oder um sie an eine dritte Partei Ihrer Wahl weiterzugeben;  <\/li>\n\n\n\n<li class=\"\">Das Recht, Ihre Einwilligung jederzeit zu widerrufen, wenn diese die Grundlage f\u00fcr die Verarbeitung Ihrer personenbezogenen Daten bildet.<\/li>\n\n\n\n<li class=\"\">Jede Person hat auch das Recht, nicht Gegenstand einer individuellen Entscheidung zu sein, die ausschlie\u00dflich auf einer automatisierten Verarbeitung wie Profiling beruht.<\/li>\n<\/ul>\n\n\n\n<p style=\"margin-top:var(--wp--preset--spacing--10)\" class=\"\">Sie haben auch das Recht, eine Beschwerde bei einer Aufsichtsbeh\u00f6rde einzureichen.<br\/>Sie k\u00f6nnen Ihre Rechte in Bezug auf die Sie betreffenden personenbezogenen Daten kostenlos aus\u00fcben, indem Sie uns kontaktieren:<\/p>\n\n\n\n<ul style=\"margin-top:var(--wp--preset--spacing--10);padding-top:0;padding-left:var(--wp--preset--spacing--30)\" class=\"c-list wp-block-list  \">\n<li class=\"\">Per Post an die Adresse: Willemin-Macodel SA - Datenschutz - Route de la Communance 59, CH-2800 Del\u00e9mont ;<\/li>\n\n\n\n<li class=\"\">Per E-Mail an: <a href=\"mailto:dpo@willemin-macodel.com\">dpo@willemin-macodel.com<\/a><\/li>\n<\/ul>\n\n\n\n<p style=\"margin-top:var(--wp--preset--spacing--10)\" class=\"\">Unsere Website kann Links zu anderen Websites enthalten, die wir nicht kontrollieren. Wenn Sie auf einen Link zu einer anderen Website klicken, werden Sie zu dieser Website weitergeleitet. Wir empfehlen Ihnen, die Datenschutzbestimmungen jeder von Ihnen besuchten Website zu lesen.    <\/p>\n\n\n\n<p style=\"margin-top:var(--wp--preset--spacing--10)\" class=\"\">Diese Datenschutzrichtlinie wurde am<sup>1<\/sup>. Februar 2026 aktualisiert.<\/p>\n\n\n\n<p style=\"margin-top:var(--wp--preset--spacing--10)\" class=\"\">Diese Richtlinie kann sich entsprechend dem gesetzlichen und regulatorischen Umfeld sowie den Stellungnahmen der Aufsichtsbeh\u00f6rden zum Datenschutz \u00e4ndern.  <br\/><\/p>\n\n                    <\/div>\r\n                <\/div>\r\n            <\/div>\r\n            ","protected":false},"excerpt":{"rendered":"","protected":false},"author":1,"featured_media":0,"parent":0,"menu_order":0,"comment_status":"closed","ping_status":"closed","template":"","meta":{"_acf_changed":false,"_habefastfse_class":"","footnotes":""},"class_list":["post-6855","page","type-page","status-publish","hentry"],"acf":[],"yoast_head":"<!-- This site is optimized with the Yoast SEO plugin v27.4 - https:\/\/yoast.com\/product\/yoast-seo-wordpress\/ -->\n<title>Datenschutzrichtlinie - Willemin-Macodel%<\/title>\n<meta name=\"description\" content=\"Datenschutzrichtlinie des Unternehmens.\" \/>\n<meta name=\"robots\" content=\"index, follow, max-snippet:-1, max-image-preview:large, max-video-preview:-1\" \/>\n<link rel=\"canonical\" href=\"https:\/\/willemin-macodel.com\/de\/datenschutzrichtlinie\/\" \/>\n<meta property=\"og:locale\" content=\"de_DE\" \/>\n<meta property=\"og:type\" content=\"article\" \/>\n<meta property=\"og:title\" content=\"Datenschutzrichtlinie - Willemin-Macodel%\" \/>\n<meta property=\"og:description\" content=\"Datenschutzrichtlinie des Unternehmens.\" \/>\n<meta property=\"og:url\" content=\"https:\/\/willemin-macodel.com\/de\/datenschutzrichtlinie\/\" \/>\n<meta property=\"og:site_name\" content=\"Willemin-Macodel\" \/>\n<meta property=\"article:publisher\" content=\"https:\/\/www.facebook.com\/WilleminMacodel\/\" \/>\n<meta property=\"article:modified_time\" content=\"2026-04-14T19:25:14+00:00\" \/>\n<meta name=\"twitter:card\" content=\"summary_large_image\" \/>\n<meta name=\"twitter:label1\" content=\"Gesch\u00e4tzte Lesezeit\" \/>\n\t<meta name=\"twitter:data1\" content=\"7\u00a0Minuten\" \/>\n<script type=\"application\/ld+json\" class=\"yoast-schema-graph\">{\"@context\":\"https:\\\/\\\/schema.org\",\"@graph\":[{\"@type\":\"WebPage\",\"@id\":\"https:\\\/\\\/willemin-macodel.com\\\/de\\\/datenschutzrichtlinie\\\/\",\"url\":\"https:\\\/\\\/willemin-macodel.com\\\/de\\\/datenschutzrichtlinie\\\/\",\"name\":\"Datenschutzrichtlinie - Willemin-Macodel%\",\"isPartOf\":{\"@id\":\"https:\\\/\\\/willemin-macodel.com\\\/de\\\/#website\"},\"datePublished\":\"2026-02-11T07:30:29+00:00\",\"dateModified\":\"2026-04-14T19:25:14+00:00\",\"description\":\"Datenschutzrichtlinie des Unternehmens.\",\"breadcrumb\":{\"@id\":\"https:\\\/\\\/willemin-macodel.com\\\/de\\\/datenschutzrichtlinie\\\/#breadcrumb\"},\"inLanguage\":\"de\",\"potentialAction\":[{\"@type\":\"ReadAction\",\"target\":[\"https:\\\/\\\/willemin-macodel.com\\\/de\\\/datenschutzrichtlinie\\\/\"]}]},{\"@type\":\"BreadcrumbList\",\"@id\":\"https:\\\/\\\/willemin-macodel.com\\\/de\\\/datenschutzrichtlinie\\\/#breadcrumb\",\"itemListElement\":[{\"@type\":\"ListItem\",\"position\":1,\"name\":\"Startseite\",\"item\":\"https:\\\/\\\/willemin-macodel.com\\\/de\\\/\"},{\"@type\":\"ListItem\",\"position\":2,\"name\":\"Datenschutzrichtlinie\"}]},{\"@type\":\"WebSite\",\"@id\":\"https:\\\/\\\/willemin-macodel.com\\\/de\\\/#website\",\"url\":\"https:\\\/\\\/willemin-macodel.com\\\/de\\\/\",\"name\":\"Willemin-Macodel SA\",\"description\":\"\",\"publisher\":{\"@id\":\"https:\\\/\\\/willemin-macodel.com\\\/de\\\/#organization\"},\"potentialAction\":[{\"@type\":\"SearchAction\",\"target\":{\"@type\":\"EntryPoint\",\"urlTemplate\":\"https:\\\/\\\/willemin-macodel.com\\\/de\\\/?s={search_term_string}\"},\"query-input\":{\"@type\":\"PropertyValueSpecification\",\"valueRequired\":true,\"valueName\":\"search_term_string\"}}],\"inLanguage\":\"de\"},{\"@type\":\"Organization\",\"@id\":\"https:\\\/\\\/willemin-macodel.com\\\/de\\\/#organization\",\"name\":\"Willemin-Macodel SA\",\"url\":\"https:\\\/\\\/willemin-macodel.com\\\/de\\\/\",\"logo\":{\"@type\":\"ImageObject\",\"inLanguage\":\"de\",\"@id\":\"https:\\\/\\\/willemin-macodel.com\\\/de\\\/#\\\/schema\\\/logo\\\/image\\\/\",\"url\":\"https:\\\/\\\/willemin-macodel.com\\\/wp-content\\\/uploads\\\/2026\\\/02\\\/logo-wm-bleu-signature-rvb-scaled.png\",\"contentUrl\":\"https:\\\/\\\/willemin-macodel.com\\\/wp-content\\\/uploads\\\/2026\\\/02\\\/logo-wm-bleu-signature-rvb-scaled.png\",\"width\":2560,\"height\":1198,\"caption\":\"Willemin-Macodel SA\"},\"image\":{\"@id\":\"https:\\\/\\\/willemin-macodel.com\\\/de\\\/#\\\/schema\\\/logo\\\/image\\\/\"},\"sameAs\":[\"https:\\\/\\\/www.facebook.com\\\/WilleminMacodel\\\/\",\"https:\\\/\\\/www.linkedin.com\\\/company\\\/2818590\\\/\",\"https:\\\/\\\/www.instagram.com\\\/willemin_macodel_ch\\\/\"]}]}<\/script>\n<!-- \/ Yoast SEO plugin. -->","yoast_head_json":{"title":"Datenschutzrichtlinie - Willemin-Macodel%","description":"Datenschutzrichtlinie des Unternehmens.","robots":{"index":"index","follow":"follow","max-snippet":"max-snippet:-1","max-image-preview":"max-image-preview:large","max-video-preview":"max-video-preview:-1"},"canonical":"https:\/\/willemin-macodel.com\/de\/datenschutzrichtlinie\/","og_locale":"de_DE","og_type":"article","og_title":"Datenschutzrichtlinie - Willemin-Macodel%","og_description":"Datenschutzrichtlinie des Unternehmens.","og_url":"https:\/\/willemin-macodel.com\/de\/datenschutzrichtlinie\/","og_site_name":"Willemin-Macodel","article_publisher":"https:\/\/www.facebook.com\/WilleminMacodel\/","article_modified_time":"2026-04-14T19:25:14+00:00","twitter_card":"summary_large_image","twitter_misc":{"Gesch\u00e4tzte Lesezeit":"7\u00a0Minuten"},"schema":{"@context":"https:\/\/schema.org","@graph":[{"@type":"WebPage","@id":"https:\/\/willemin-macodel.com\/de\/datenschutzrichtlinie\/","url":"https:\/\/willemin-macodel.com\/de\/datenschutzrichtlinie\/","name":"Datenschutzrichtlinie - Willemin-Macodel%","isPartOf":{"@id":"https:\/\/willemin-macodel.com\/de\/#website"},"datePublished":"2026-02-11T07:30:29+00:00","dateModified":"2026-04-14T19:25:14+00:00","description":"Datenschutzrichtlinie des Unternehmens.","breadcrumb":{"@id":"https:\/\/willemin-macodel.com\/de\/datenschutzrichtlinie\/#breadcrumb"},"inLanguage":"de","potentialAction":[{"@type":"ReadAction","target":["https:\/\/willemin-macodel.com\/de\/datenschutzrichtlinie\/"]}]},{"@type":"BreadcrumbList","@id":"https:\/\/willemin-macodel.com\/de\/datenschutzrichtlinie\/#breadcrumb","itemListElement":[{"@type":"ListItem","position":1,"name":"Startseite","item":"https:\/\/willemin-macodel.com\/de\/"},{"@type":"ListItem","position":2,"name":"Datenschutzrichtlinie"}]},{"@type":"WebSite","@id":"https:\/\/willemin-macodel.com\/de\/#website","url":"https:\/\/willemin-macodel.com\/de\/","name":"Willemin-Macodel SA","description":"","publisher":{"@id":"https:\/\/willemin-macodel.com\/de\/#organization"},"potentialAction":[{"@type":"SearchAction","target":{"@type":"EntryPoint","urlTemplate":"https:\/\/willemin-macodel.com\/de\/?s={search_term_string}"},"query-input":{"@type":"PropertyValueSpecification","valueRequired":true,"valueName":"search_term_string"}}],"inLanguage":"de"},{"@type":"Organization","@id":"https:\/\/willemin-macodel.com\/de\/#organization","name":"Willemin-Macodel SA","url":"https:\/\/willemin-macodel.com\/de\/","logo":{"@type":"ImageObject","inLanguage":"de","@id":"https:\/\/willemin-macodel.com\/de\/#\/schema\/logo\/image\/","url":"https:\/\/willemin-macodel.com\/wp-content\/uploads\/2026\/02\/logo-wm-bleu-signature-rvb-scaled.png","contentUrl":"https:\/\/willemin-macodel.com\/wp-content\/uploads\/2026\/02\/logo-wm-bleu-signature-rvb-scaled.png","width":2560,"height":1198,"caption":"Willemin-Macodel SA"},"image":{"@id":"https:\/\/willemin-macodel.com\/de\/#\/schema\/logo\/image\/"},"sameAs":["https:\/\/www.facebook.com\/WilleminMacodel\/","https:\/\/www.linkedin.com\/company\/2818590\/","https:\/\/www.instagram.com\/willemin_macodel_ch\/"]}]}},"_links":{"self":[{"href":"https:\/\/willemin-macodel.com\/de\/wp-json\/wp\/v2\/pages\/6855","targetHints":{"allow":["GET"]}}],"collection":[{"href":"https:\/\/willemin-macodel.com\/de\/wp-json\/wp\/v2\/pages"}],"about":[{"href":"https:\/\/willemin-macodel.com\/de\/wp-json\/wp\/v2\/types\/page"}],"author":[{"embeddable":true,"href":"https:\/\/willemin-macodel.com\/de\/wp-json\/wp\/v2\/users\/1"}],"replies":[{"embeddable":true,"href":"https:\/\/willemin-macodel.com\/de\/wp-json\/wp\/v2\/comments?post=6855"}],"version-history":[{"count":3,"href":"https:\/\/willemin-macodel.com\/de\/wp-json\/wp\/v2\/pages\/6855\/revisions"}],"predecessor-version":[{"id":8523,"href":"https:\/\/willemin-macodel.com\/de\/wp-json\/wp\/v2\/pages\/6855\/revisions\/8523"}],"wp:attachment":[{"href":"https:\/\/willemin-macodel.com\/de\/wp-json\/wp\/v2\/media?parent=6855"}],"curies":[{"name":"wp","href":"https:\/\/api.w.org\/{rel}","templated":true}]}}