{"id":6560,"date":"2026-02-11T08:30:33","date_gmt":"2026-02-11T07:30:33","guid":{"rendered":"https:\/\/willemin-macodel.com\/rechtliche-hinweise\/"},"modified":"2026-04-14T21:25:14","modified_gmt":"2026-04-14T19:25:14","slug":"rechtliche-hinweise","status":"publish","type":"page","link":"https:\/\/willemin-macodel.com\/de\/rechtliche-hinweise\/","title":{"rendered":"Rechtliche Hinweise"},"content":{"rendered":"\n<div class=\"wp-block-cover  \" style=\"border-top-left-radius:8px;border-top-right-radius:8px;border-bottom-left-radius:8px;border-bottom-right-radius:8px;margin-top:var(--wp--preset--spacing--80);margin-bottom:var(--wp--preset--spacing--20);padding-top:0;padding-bottom:0;min-height:200px;aspect-ratio:unset;\"><span aria-hidden=\"true\" class=\"wp-block-cover__background has-bleu-fonce-background-color has-background-dim-100 has-background-dim\"><\/span><div class=\"wp-block-cover__inner-container is-layout-constrained wp-block-cover-is-layout-constrained\">\n<h1 class=\"c-heading wp-block-heading has-text-align-center has-theme-white-color has-text-color has-link-color has-large-font-size wp-elements-c39b3d999dee4ffad2ea739bd2d2c17f\">Rechtliche Hinweise<\/h1>\n<\/div><\/div>\n            <div class=\"wp-block-habefast-advanced-layout-group is-layout-constrained wp-block-habefast-advanced-layout-group-is-layout-constrained\">\r\n                <div class=\"wp-block-habefast-advanced-group-container is-style- is-layout-constrained\"  style='--_hfal-cg-d-lg:flex;--_hfal-cg-p-t-md:0;--_hfal-cg-p-r-md:41px;--_hfal-cg-p-b-md:var(--wp--preset--spacing--50);--_hfal-cg-p-l-md:41px;--_hfal-cg-p-t-sm:var(--wp--preset--spacing--30);--_hfal-cg-p-r-sm:21px;--_hfal-cg-p-b-sm:41px;--_hfal-cg-p-l-sm:21px;--_hfal-cg-p-b-lg:var(--wp--preset--spacing--50);--_hfal-cg-p-t-tablet:var(--wp--preset--spacing--30);--_hfal-cg-p-r-tablet:41px;--_hfal-cg-p-b-tablet:var(--wp--preset--spacing--50);--_hfal-cg-p-l-tablet:41px;--_hfal-cg-p-t-lg:var(--wp--preset--spacing--30);--_hfal-cg-d-tablet:flex;--_hfal-cg-d-md:flex;--_hfal-cg-d-sm:flex;'>\r\n                                        <div class=\"wp-block-habefast-advanced-group-inner is-layout-flow\">\r\n                        \n\n<h2 class=\"c-heading wp-block-heading has-taille-20-font-size\">Allgemeine Informationen<\/h2>\n\n\n\n<p style=\"margin-top:var(--wp--preset--spacing--10)\" class=\"\">Dieses Dokument ist der rechtliche Hinweis f\u00fcr die Nutzung der Website https:\/\/willemin-macodel.com (nachstehend &#8222;die Website&#8220; genannt). Bitte lesen Sie diese rechtlichen Hinweise sorgf\u00e4ltig durch, bevor Sie die Website aufrufen oder nutzen. Durch den Zugriff auf oder die Nutzung der Website erkl\u00e4ren Sie sich damit einverstanden, an diese rechtlichen Hinweise gebunden zu sein. Wenn Sie diesen Bedingungen nicht zustimmen, stellen Sie die Nutzung der Website bitte sofort ein.   <\/p>\n\n\n\n<h2 class=\"c-heading wp-block-heading has-taille-20-font-size\" style=\"margin-top:0;padding-top:var(--wp--preset--spacing--30)\">Eigent\u00fcmer der Website<\/h2>\n\n\n\n<p style=\"margin-top:var(--wp--preset--spacing--10)\" class=\"\">Die Website ist Eigentum und wird betrieben von Willemin-Macodel (im Folgenden &#8222;der Eigent\u00fcmer&#8220;). Die Kontaktdaten des Eigent\u00fcmers sind wie folgt: <br\/><\/p>\n\n\n\n<p style=\"margin-top:0px\" class=\"\">Willemin-Macodel<br\/>Rte de la Communance 59, 2800 Del\u00e9mont, Suisse,  Schweiz<br\/>+41 32 427 03 03<br\/>contact@willemin-macodel.com<\/p>\n\n\n\n<h2 class=\"c-heading wp-block-heading has-taille-20-font-size\" style=\"margin-top:0;padding-top:var(--wp--preset--spacing--30)\">Unterkunft<\/h2>\n\n\n\n<p style=\"margin-top:var(--wp--preset--spacing--10)\" class=\"\">Die Website wird von Infomaniak (im Folgenden &#8222;der Host&#8220; genannt) gehostet. Die Kontaktdaten des Hosters lauten wie folgt: <br\/>Infomaniak<br\/>Rue Eug\u00e8ne-Marziano 25, 1227 Gen\u00e8ve<\/p>\n\n\n\n<h2 class=\"c-heading wp-block-heading has-taille-20-font-size\" style=\"margin-top:0;padding-top:var(--wp--preset--spacing--30)\">Inhalt der Website<\/h2>\n\n\n\n<p style=\"margin-top:var(--wp--preset--spacing--10)\" class=\"\">Alle Marken, Fotografien, Texte, Kommentare, Illustrationen, animierte oder nicht animierte Bilder, Videosequenzen, T\u00f6ne sowie alle Computeranwendungen, die f\u00fcr den Betrieb dieser Website verwendet werden k\u00f6nnen, und ganz allgemein alle auf der Website reproduzierten oder verwendeten Elemente sind durch die geltenden Gesetze zum Schutz des geistigen Eigentums gesch\u00fctzt.<\/p>\n\n\n\n<p style=\"margin-top:var(--wp--preset--spacing--10)\" class=\"\">Sie sind das vollst\u00e4ndige und uneingeschr\u00e4nkte Eigentum des Herausgebers oder seiner Partner. Jede Vervielf\u00e4ltigung, Pr\u00e4sentation, Nutzung oder Anpassung, in welcher Form auch immer, aller oder eines Teils dieser Elemente, einschlie\u00dflich der Computeranwendungen, ohne die vorherige schriftliche Genehmigung des Herausgebers ist strengstens untersagt. Die Tatsache, dass der Herausgeber keine Ma\u00dfnahmen ergreift, sobald er von einer solchen nicht genehmigten Nutzung Kenntnis erlangt hat, bedeutet nicht, dass er diese Nutzung akzeptiert und auf eine Strafverfolgung verzichtet.  <\/p>\n\n\n\n<p style=\"margin-top:var(--wp--preset--spacing--10)\" class=\"\">Der gesamte Inhalt dieser Website darf ohne vorherige schriftliche Genehmigung nicht in irgendeiner Form oder auf irgendeinem Medium verwendet und\/oder vervielf\u00e4ltigt werden. Die Logos und Marken auf dieser Website sind gesch\u00fctzt und d\u00fcrfen nicht ohne Genehmigung vervielf\u00e4ltigt oder verwendet werden. <\/p>\n\n\n\n<p style=\"margin-top:var(--wp--preset--spacing--10)\" class=\"\">Die Einrichtung von Hypertext-Links zu dieser Website darf nur mit vorheriger schriftlicher Genehmigung des Herausgebers erfolgen, der keine Verantwortung f\u00fcr den Inhalt von Websites \u00fcbernimmt, die mit dieser Website verkn\u00fcpft sind.<\/p>\n\n\n\n<h2 class=\"c-heading wp-block-heading has-taille-20-font-size\" style=\"margin-top:0;padding-top:var(--wp--preset--spacing--30)\">Pers\u00f6nliche Daten<\/h2>\n\n\n\n<p style=\"margin-top:var(--wp--preset--spacing--10)\" class=\"\">Sie haben das Recht, auf Ihre Daten zuzugreifen, sie zu berichtigen und zu l\u00f6schen. Sie k\u00f6nnen dieses Recht aus\u00fcben, indem Sie uns einen Brief an die folgende Adresse schicken: contact@willemin-macodel.com. <\/p>\n\n\n\n<h2 class=\"c-heading wp-block-heading has-taille-20-font-size\" style=\"margin-top:0;padding-top:var(--wp--preset--spacing--30)\">Geistiges Eigentum<\/h2>\n\n\n\n<p style=\"margin-top:var(--wp--preset--spacing--10)\" class=\"\">Der gesamte Inhalt dieser Website ist Eigentum des Herausgebers und darf ohne seine vorherige schriftliche Genehmigung nicht in irgendeiner Form oder auf irgendeinem Medium verwendet und\/oder vervielf\u00e4ltigt werden. Die Logos und Marken auf dieser Website sind gesch\u00fctzt und d\u00fcrfen nicht ohne Genehmigung vervielf\u00e4ltigt oder verwendet werden. <\/p>\n\n\n\n<h2 class=\"c-heading wp-block-heading has-taille-20-font-size\" style=\"margin-top:0;padding-top:var(--wp--preset--spacing--30)\">Cookies<\/h2>\n\n\n\n<p style=\"margin-top:var(--wp--preset--spacing--10)\" class=\"\">Der Herausgeber beh\u00e4lt sich die M\u00f6glichkeit vor, bei der Anmeldung Cookies an den Computer des Nutzers zu senden. Diese Cookies sind Dateien, die es erm\u00f6glichen, Informationen \u00fcber die Navigation des Computers auf der Website zu speichern. Der Besucher kann die Speicherung von Cookies verhindern, indem er seinen Computer entsprechend konfiguriert.  <\/p>\n\n\n\n<h2 class=\"c-heading wp-block-heading has-taille-20-font-size\" style=\"margin-top:0;padding-top:var(--wp--preset--spacing--30)\">Verantwortung<\/h2>\n\n\n\n<p style=\"margin-top:var(--wp--preset--spacing--10)\" class=\"\">Willemin-Macodel  \u00fcbernimmt keine Verantwortung f\u00fcr die Nutzung der auf der Website ver\u00f6ffentlichten Informationen. Der Inhalt der Website kann technische Ungenauigkeiten, typografische Fehler oder Auslassungen enthalten. Dieser Inhalt kann ohne Vorank\u00fcndigung ge\u00e4ndert oder aktualisiert werden. Der Eigent\u00fcmer haftet nicht f\u00fcr den Inhalt anderer Websites, die \u00fcber Hyperlinks auf der Website aufgerufen werden k\u00f6nnen.     Willemin-Macodel  kann nicht f\u00fcr direkte oder indirekte Sch\u00e4den haftbar gemacht werden, die sich aus der Verbreitung eines Virus durch Dritte \u00fcber unsere Website ergeben, der das Computersystem oder die Computerkonfiguration des Computers des Nutzers infolge der Verbindung, der Nutzung, der Navigation oder des Herunterladens von dieser Website infizieren kann.<\/p>\n\n\n\n<p style=\"margin-top:var(--wp--preset--spacing--10)\" class=\"\">Der Herausgeber kann nicht haftbar gemacht werden f\u00fcr Fehler, Pannen, Schwierigkeiten oder Betriebsunterbrechungen, die den Zugang zur Website oder zu einer ihrer Funktionen verhindern.<\/p>\n\n\n\n<p style=\"margin-top:var(--wp--preset--spacing--10)\" class=\"\">Sie sind f\u00fcr das Material, das Sie f\u00fcr die Verbindung mit der Website verwenden, verantwortlich. Sie m\u00fcssen alle geeigneten Ma\u00dfnahmen ergreifen, um Ihr Material und Ihre eigenen Daten zu sch\u00fctzen, insbesondere vor Virenangriffen \u00fcber das Internet. Dar\u00fcber hinaus sind Sie allein verantwortlich f\u00fcr die Websites und Daten, die Sie aufrufen.  <\/p>\n\n\n\n<p style=\"margin-top:var(--wp--preset--spacing--10)\" class=\"\">Der Herausgeber haftet nicht f\u00fcr rechtliche Schritte gegen Sie:<\/p>\n\n\n\n<ul style=\"margin-top:var(--wp--preset--spacing--10);padding-left:30px\" class=\"c-list wp-block-list  \">\n<li class=\"\">aufgrund der Nutzung der Webseite oder eines \u00fcber das Internet zug\u00e4nglichen Dienstes<\/li>\n\n\n\n<li class=\"\">aufgrund der Nichteinhaltung dieser rechtlichen Hinweise durch Sie<\/li>\n<\/ul>\n\n\n\n<p style=\"margin-top:var(--wp--preset--spacing--10)\" class=\"\">Der Herausgeber haftet nicht f\u00fcr Sch\u00e4den, die Ihnen, Dritten und\/oder Ihrer Ausr\u00fcstung durch Ihre Verbindung oder Nutzung der Website entstehen, und Sie verzichten auf jegliche Klage gegen ihn aus diesem Grund.<\/p>\n\n\n\n<p style=\"margin-top:var(--wp--preset--spacing--10)\" class=\"\">Sollte der Herausgeber aufgrund Ihrer Nutzung der Website Gegenstand eines g\u00fctlichen oder gerichtlichen Verfahrens werden, kann er Sie f\u00fcr alle Sch\u00e4den, Betr\u00e4ge, Verurteilungen und Kosten, die sich aus diesem Verfahren ergeben k\u00f6nnten, in Anspruch nehmen.<\/p>\n\n\n\n<h2 class=\"c-heading wp-block-heading has-taille-20-font-size\" style=\"margin-top:0;padding-top:var(--wp--preset--spacing--30)\">Externe Links<\/h2>\n\n\n\n<p style=\"margin-top:var(--wp--preset--spacing--10)\" class=\"\">Die Website kann Links zu den Websites Dritter enthalten. Diese Links werden nur zu Informationszwecken bereitgestellt. Der Eigent\u00fcmer hat keine Kontrolle \u00fcber den Inhalt dieser Websites und \u00fcbernimmt keine Verantwortung f\u00fcr deren Inhalt, Genauigkeit oder Rechtm\u00e4\u00dfigkeit. Die Aufnahme von Links zu Websites Dritter bedeutet keine Billigung oder Verbindung mit diesen Websites.   <\/p>\n\n\n\n<h2 class=\"c-heading wp-block-heading has-taille-16-font-size\" style=\"margin-top:0;padding-top:var(--wp--preset--spacing--30)\">\u00c4nderungen der rechtlichen Hinweise<\/h2>\n\n\n\n<p style=\"margin-top:var(--wp--preset--spacing--10)\" class=\"\">Der Eigent\u00fcmer beh\u00e4lt sich das Recht vor, diese rechtlichen Hinweise jederzeit und ohne Vorank\u00fcndigung zu \u00e4ndern. Die \u00c4nderungen treten mit ihrer Ver\u00f6ffentlichung auf der Website in Kraft. Es liegt in Ihrer Verantwortung, die rechtlichen Hinweise regelm\u00e4\u00dfig zu \u00fcberpr\u00fcfen, um sich \u00fcber eventuelle \u00c4nderungen auf dem Laufenden zu halten.  <\/p>\n\n\n\n<h2 class=\"c-heading wp-block-heading has-taille-20-font-size\" style=\"margin-top:0;padding-top:var(--wp--preset--spacing--30)\">Anwendbares Recht und Gerichtsbarkeit<\/h2>\n\n\n\n<p style=\"margin-top:var(--wp--preset--spacing--10)\" class=\"\">Die vorliegenden rechtlichen Hinweise unterliegen den geltenden Gesetzen von Schweiz. Alle Streitigkeiten, die sich aus der Nutzung der Website ergeben, unterliegen der ausschlie\u00dflichen Zust\u00e4ndigkeit der zust\u00e4ndigen Gerichte von Schweiz. <\/p>\n\n\n\n<p style=\"margin-top:var(--wp--preset--spacing--10)\" class=\"\">Wenn Sie Fragen zu diesen rechtlichen Hinweisen haben, kontaktieren Sie uns bitte unter der folgenden E-Mail-Adresse: contact@willemin-macodel.com.<\/p>\n\n\n\n<p style=\"margin-top:var(--wp--preset--spacing--10)\" class=\"\">Zuletzt aktualisiert: 14 April 2026.<\/p>\n\n                    <\/div>\r\n                <\/div>\r\n            <\/div>\r\n            ","protected":false},"excerpt":{"rendered":"","protected":false},"author":1,"featured_media":0,"parent":0,"menu_order":0,"comment_status":"closed","ping_status":"closed","template":"","meta":{"_acf_changed":false,"_habefastfse_class":"","footnotes":""},"class_list":["post-6560","page","type-page","status-publish","hentry"],"acf":[],"yoast_head":"<!-- This site is optimized with the Yoast SEO plugin v27.4 - https:\/\/yoast.com\/product\/yoast-seo-wordpress\/ -->\n<title>Rechtliche Hinweise - Willemin-Macodel%<\/title>\n<meta name=\"description\" content=\"Rechtliche Hinweise des Unternehmens.\" \/>\n<meta name=\"robots\" content=\"index, follow, max-snippet:-1, max-image-preview:large, max-video-preview:-1\" \/>\n<link rel=\"canonical\" href=\"https:\/\/willemin-macodel.com\/de\/rechtliche-hinweise\/\" \/>\n<meta property=\"og:locale\" content=\"de_DE\" \/>\n<meta property=\"og:type\" content=\"article\" \/>\n<meta property=\"og:title\" content=\"Rechtliche Hinweise - Willemin-Macodel%\" \/>\n<meta property=\"og:description\" content=\"Rechtliche Hinweise des Unternehmens.\" \/>\n<meta property=\"og:url\" content=\"https:\/\/willemin-macodel.com\/de\/rechtliche-hinweise\/\" \/>\n<meta property=\"og:site_name\" content=\"Willemin-Macodel\" \/>\n<meta property=\"article:publisher\" content=\"https:\/\/www.facebook.com\/WilleminMacodel\/\" \/>\n<meta property=\"article:modified_time\" content=\"2026-04-14T19:25:14+00:00\" \/>\n<meta name=\"twitter:card\" content=\"summary_large_image\" \/>\n<meta name=\"twitter:label1\" content=\"Gesch\u00e4tzte Lesezeit\" \/>\n\t<meta name=\"twitter:data1\" content=\"5\u00a0Minuten\" \/>\n<script type=\"application\/ld+json\" class=\"yoast-schema-graph\">{\"@context\":\"https:\\\/\\\/schema.org\",\"@graph\":[{\"@type\":\"WebPage\",\"@id\":\"https:\\\/\\\/willemin-macodel.com\\\/de\\\/rechtliche-hinweise\\\/\",\"url\":\"https:\\\/\\\/willemin-macodel.com\\\/de\\\/rechtliche-hinweise\\\/\",\"name\":\"Rechtliche Hinweise - Willemin-Macodel%\",\"isPartOf\":{\"@id\":\"https:\\\/\\\/willemin-macodel.com\\\/de\\\/#website\"},\"datePublished\":\"2026-02-11T07:30:33+00:00\",\"dateModified\":\"2026-04-14T19:25:14+00:00\",\"description\":\"Rechtliche Hinweise des Unternehmens.\",\"breadcrumb\":{\"@id\":\"https:\\\/\\\/willemin-macodel.com\\\/de\\\/rechtliche-hinweise\\\/#breadcrumb\"},\"inLanguage\":\"de\",\"potentialAction\":[{\"@type\":\"ReadAction\",\"target\":[\"https:\\\/\\\/willemin-macodel.com\\\/de\\\/rechtliche-hinweise\\\/\"]}]},{\"@type\":\"BreadcrumbList\",\"@id\":\"https:\\\/\\\/willemin-macodel.com\\\/de\\\/rechtliche-hinweise\\\/#breadcrumb\",\"itemListElement\":[{\"@type\":\"ListItem\",\"position\":1,\"name\":\"Startseite\",\"item\":\"https:\\\/\\\/willemin-macodel.com\\\/de\\\/\"},{\"@type\":\"ListItem\",\"position\":2,\"name\":\"Rechtliche Hinweise\"}]},{\"@type\":\"WebSite\",\"@id\":\"https:\\\/\\\/willemin-macodel.com\\\/de\\\/#website\",\"url\":\"https:\\\/\\\/willemin-macodel.com\\\/de\\\/\",\"name\":\"Willemin-Macodel SA\",\"description\":\"\",\"publisher\":{\"@id\":\"https:\\\/\\\/willemin-macodel.com\\\/de\\\/#organization\"},\"potentialAction\":[{\"@type\":\"SearchAction\",\"target\":{\"@type\":\"EntryPoint\",\"urlTemplate\":\"https:\\\/\\\/willemin-macodel.com\\\/de\\\/?s={search_term_string}\"},\"query-input\":{\"@type\":\"PropertyValueSpecification\",\"valueRequired\":true,\"valueName\":\"search_term_string\"}}],\"inLanguage\":\"de\"},{\"@type\":\"Organization\",\"@id\":\"https:\\\/\\\/willemin-macodel.com\\\/de\\\/#organization\",\"name\":\"Willemin-Macodel SA\",\"url\":\"https:\\\/\\\/willemin-macodel.com\\\/de\\\/\",\"logo\":{\"@type\":\"ImageObject\",\"inLanguage\":\"de\",\"@id\":\"https:\\\/\\\/willemin-macodel.com\\\/de\\\/#\\\/schema\\\/logo\\\/image\\\/\",\"url\":\"https:\\\/\\\/willemin-macodel.com\\\/wp-content\\\/uploads\\\/2026\\\/02\\\/logo-wm-bleu-signature-rvb-scaled.png\",\"contentUrl\":\"https:\\\/\\\/willemin-macodel.com\\\/wp-content\\\/uploads\\\/2026\\\/02\\\/logo-wm-bleu-signature-rvb-scaled.png\",\"width\":2560,\"height\":1198,\"caption\":\"Willemin-Macodel SA\"},\"image\":{\"@id\":\"https:\\\/\\\/willemin-macodel.com\\\/de\\\/#\\\/schema\\\/logo\\\/image\\\/\"},\"sameAs\":[\"https:\\\/\\\/www.facebook.com\\\/WilleminMacodel\\\/\",\"https:\\\/\\\/www.linkedin.com\\\/company\\\/2818590\\\/\",\"https:\\\/\\\/www.instagram.com\\\/willemin_macodel_ch\\\/\"]}]}<\/script>\n<!-- \/ Yoast SEO plugin. -->","yoast_head_json":{"title":"Rechtliche Hinweise - Willemin-Macodel%","description":"Rechtliche Hinweise des Unternehmens.","robots":{"index":"index","follow":"follow","max-snippet":"max-snippet:-1","max-image-preview":"max-image-preview:large","max-video-preview":"max-video-preview:-1"},"canonical":"https:\/\/willemin-macodel.com\/de\/rechtliche-hinweise\/","og_locale":"de_DE","og_type":"article","og_title":"Rechtliche Hinweise - Willemin-Macodel%","og_description":"Rechtliche Hinweise des Unternehmens.","og_url":"https:\/\/willemin-macodel.com\/de\/rechtliche-hinweise\/","og_site_name":"Willemin-Macodel","article_publisher":"https:\/\/www.facebook.com\/WilleminMacodel\/","article_modified_time":"2026-04-14T19:25:14+00:00","twitter_card":"summary_large_image","twitter_misc":{"Gesch\u00e4tzte Lesezeit":"5\u00a0Minuten"},"schema":{"@context":"https:\/\/schema.org","@graph":[{"@type":"WebPage","@id":"https:\/\/willemin-macodel.com\/de\/rechtliche-hinweise\/","url":"https:\/\/willemin-macodel.com\/de\/rechtliche-hinweise\/","name":"Rechtliche Hinweise - Willemin-Macodel%","isPartOf":{"@id":"https:\/\/willemin-macodel.com\/de\/#website"},"datePublished":"2026-02-11T07:30:33+00:00","dateModified":"2026-04-14T19:25:14+00:00","description":"Rechtliche Hinweise des Unternehmens.","breadcrumb":{"@id":"https:\/\/willemin-macodel.com\/de\/rechtliche-hinweise\/#breadcrumb"},"inLanguage":"de","potentialAction":[{"@type":"ReadAction","target":["https:\/\/willemin-macodel.com\/de\/rechtliche-hinweise\/"]}]},{"@type":"BreadcrumbList","@id":"https:\/\/willemin-macodel.com\/de\/rechtliche-hinweise\/#breadcrumb","itemListElement":[{"@type":"ListItem","position":1,"name":"Startseite","item":"https:\/\/willemin-macodel.com\/de\/"},{"@type":"ListItem","position":2,"name":"Rechtliche Hinweise"}]},{"@type":"WebSite","@id":"https:\/\/willemin-macodel.com\/de\/#website","url":"https:\/\/willemin-macodel.com\/de\/","name":"Willemin-Macodel SA","description":"","publisher":{"@id":"https:\/\/willemin-macodel.com\/de\/#organization"},"potentialAction":[{"@type":"SearchAction","target":{"@type":"EntryPoint","urlTemplate":"https:\/\/willemin-macodel.com\/de\/?s={search_term_string}"},"query-input":{"@type":"PropertyValueSpecification","valueRequired":true,"valueName":"search_term_string"}}],"inLanguage":"de"},{"@type":"Organization","@id":"https:\/\/willemin-macodel.com\/de\/#organization","name":"Willemin-Macodel SA","url":"https:\/\/willemin-macodel.com\/de\/","logo":{"@type":"ImageObject","inLanguage":"de","@id":"https:\/\/willemin-macodel.com\/de\/#\/schema\/logo\/image\/","url":"https:\/\/willemin-macodel.com\/wp-content\/uploads\/2026\/02\/logo-wm-bleu-signature-rvb-scaled.png","contentUrl":"https:\/\/willemin-macodel.com\/wp-content\/uploads\/2026\/02\/logo-wm-bleu-signature-rvb-scaled.png","width":2560,"height":1198,"caption":"Willemin-Macodel SA"},"image":{"@id":"https:\/\/willemin-macodel.com\/de\/#\/schema\/logo\/image\/"},"sameAs":["https:\/\/www.facebook.com\/WilleminMacodel\/","https:\/\/www.linkedin.com\/company\/2818590\/","https:\/\/www.instagram.com\/willemin_macodel_ch\/"]}]}},"_links":{"self":[{"href":"https:\/\/willemin-macodel.com\/de\/wp-json\/wp\/v2\/pages\/6560","targetHints":{"allow":["GET"]}}],"collection":[{"href":"https:\/\/willemin-macodel.com\/de\/wp-json\/wp\/v2\/pages"}],"about":[{"href":"https:\/\/willemin-macodel.com\/de\/wp-json\/wp\/v2\/types\/page"}],"author":[{"embeddable":true,"href":"https:\/\/willemin-macodel.com\/de\/wp-json\/wp\/v2\/users\/1"}],"replies":[{"embeddable":true,"href":"https:\/\/willemin-macodel.com\/de\/wp-json\/wp\/v2\/comments?post=6560"}],"version-history":[{"count":3,"href":"https:\/\/willemin-macodel.com\/de\/wp-json\/wp\/v2\/pages\/6560\/revisions"}],"predecessor-version":[{"id":8524,"href":"https:\/\/willemin-macodel.com\/de\/wp-json\/wp\/v2\/pages\/6560\/revisions\/8524"}],"wp:attachment":[{"href":"https:\/\/willemin-macodel.com\/de\/wp-json\/wp\/v2\/media?parent=6560"}],"curies":[{"name":"wp","href":"https:\/\/api.w.org\/{rel}","templated":true}]}}