{"id":4017,"date":"2018-09-27T16:01:33","date_gmt":"2018-09-27T14:01:33","guid":{"rendered":"https:\/\/redesign.willemin-macodel.com\/de-pieces-complexes\/"},"modified":"2019-09-30T09:54:31","modified_gmt":"2019-09-30T07:54:31","slug":"de-pieces-complexes","status":"publish","type":"page","link":"https:\/\/willemin-macodel.com\/de\/de-pieces-complexes\/","title":{"rendered":"Komplexe Werkst\u00fccke"},"content":{"rendered":"<p>Das Werkst\u00fcck muss so ausgerichtet werden, dass die Spindel Zugang zu allen Seiten des Polyeders hat. Sie muss schnell um die eigene Symmetrieachse drehen k\u00f6nnen, um die zylindrischen, rotationssymmetrischen Fl\u00e4chen am Innen- oder Au\u00dfendurchmesser zu drehen.<\/p>\n","protected":false},"excerpt":{"rendered":"","protected":false},"author":1,"featured_media":1257,"parent":0,"menu_order":0,"comment_status":"closed","ping_status":"closed","template":"piece-page.php","meta":{"_acf_changed":false,"ngg_post_thumbnail":0,"footnotes":""},"class_list":["post-4017","page","type-page","status-publish","has-post-thumbnail","hentry"],"acf":[],"yoast_head":"<!-- This site is optimized with the Yoast SEO plugin v25.5 - https:\/\/yoast.com\/wordpress\/plugins\/seo\/ -->\n<title>Komplexe Werkst\u00fccke - Willemin-Macodel<\/title>\n<meta name=\"robots\" content=\"index, follow, max-snippet:-1, max-image-preview:large, max-video-preview:-1\" \/>\n<link rel=\"canonical\" href=\"https:\/\/willemin-macodel.com\/de\/de-pieces-complexes\/\" \/>\n<meta property=\"og:locale\" content=\"de_DE\" \/>\n<meta property=\"og:type\" content=\"article\" \/>\n<meta property=\"og:title\" content=\"Komplexe Werkst\u00fccke - Willemin-Macodel\" \/>\n<meta property=\"og:url\" content=\"https:\/\/willemin-macodel.com\/de\/de-pieces-complexes\/\" \/>\n<meta property=\"og:site_name\" content=\"Willemin-Macodel\" \/>\n<meta property=\"article:modified_time\" content=\"2019-09-30T07:54:31+00:00\" \/>\n<meta property=\"og:image\" content=\"https:\/\/willemin-macodel.com\/wp-content\/uploads\/2018\/11\/piece-revolution-video-poster@2x.jpg\" \/>\n\t<meta property=\"og:image:width\" content=\"2048\" \/>\n\t<meta property=\"og:image:height\" content=\"1538\" \/>\n\t<meta property=\"og:image:type\" content=\"image\/jpeg\" \/>\n<meta name=\"twitter:card\" content=\"summary_large_image\" \/>\n<script type=\"application\/ld+json\" class=\"yoast-schema-graph\">{\"@context\":\"https:\/\/schema.org\",\"@graph\":[{\"@type\":\"WebPage\",\"@id\":\"https:\/\/willemin-macodel.com\/de\/de-pieces-complexes\/\",\"url\":\"https:\/\/willemin-macodel.com\/de\/de-pieces-complexes\/\",\"name\":\"Komplexe Werkst\u00fccke - Willemin-Macodel\",\"isPartOf\":{\"@id\":\"https:\/\/willemin-macodel.com\/de\/#website\"},\"primaryImageOfPage\":{\"@id\":\"https:\/\/willemin-macodel.com\/de\/de-pieces-complexes\/#primaryimage\"},\"image\":{\"@id\":\"https:\/\/willemin-macodel.com\/de\/de-pieces-complexes\/#primaryimage\"},\"thumbnailUrl\":\"https:\/\/willemin-macodel.com\/wp-content\/uploads\/2018\/11\/piece-revolution-video-poster@2x.jpg\",\"datePublished\":\"2018-09-27T14:01:33+00:00\",\"dateModified\":\"2019-09-30T07:54:31+00:00\",\"breadcrumb\":{\"@id\":\"https:\/\/willemin-macodel.com\/de\/de-pieces-complexes\/#breadcrumb\"},\"inLanguage\":\"de\",\"potentialAction\":[{\"@type\":\"ReadAction\",\"target\":[\"https:\/\/willemin-macodel.com\/de\/de-pieces-complexes\/\"]}]},{\"@type\":\"ImageObject\",\"inLanguage\":\"de\",\"@id\":\"https:\/\/willemin-macodel.com\/de\/de-pieces-complexes\/#primaryimage\",\"url\":\"https:\/\/willemin-macodel.com\/wp-content\/uploads\/2018\/11\/piece-revolution-video-poster@2x.jpg\",\"contentUrl\":\"https:\/\/willemin-macodel.com\/wp-content\/uploads\/2018\/11\/piece-revolution-video-poster@2x.jpg\",\"width\":2048,\"height\":1538},{\"@type\":\"BreadcrumbList\",\"@id\":\"https:\/\/willemin-macodel.com\/de\/de-pieces-complexes\/#breadcrumb\",\"itemListElement\":[{\"@type\":\"ListItem\",\"position\":1,\"name\":\"Home\",\"item\":\"https:\/\/willemin-macodel.com\/de\/home-page\/\"},{\"@type\":\"ListItem\",\"position\":2,\"name\":\"Komplexe Werkst\u00fccke\"}]},{\"@type\":\"WebSite\",\"@id\":\"https:\/\/willemin-macodel.com\/de\/#website\",\"url\":\"https:\/\/willemin-macodel.com\/de\/\",\"name\":\"Willemin-Macodel\",\"description\":\"Depuis 50 ans, Willemin-Macodel d\u00e9veloppe les machines, les solutions et les services les plus innovants.\",\"publisher\":{\"@id\":\"https:\/\/willemin-macodel.com\/de\/#organization\"},\"potentialAction\":[{\"@type\":\"SearchAction\",\"target\":{\"@type\":\"EntryPoint\",\"urlTemplate\":\"https:\/\/willemin-macodel.com\/de\/?s={search_term_string}\"},\"query-input\":{\"@type\":\"PropertyValueSpecification\",\"valueRequired\":true,\"valueName\":\"search_term_string\"}}],\"inLanguage\":\"de\"},{\"@type\":\"Organization\",\"@id\":\"https:\/\/willemin-macodel.com\/de\/#organization\",\"name\":\"Willemin-Macodel\",\"url\":\"https:\/\/willemin-macodel.com\/de\/\",\"logo\":{\"@type\":\"ImageObject\",\"inLanguage\":\"de\",\"@id\":\"https:\/\/willemin-macodel.com\/de\/#\/schema\/logo\/image\/\",\"url\":\"https:\/\/willemin-macodel.com\/wp-content\/uploads\/2019\/02\/logo.svg\",\"contentUrl\":\"https:\/\/willemin-macodel.com\/wp-content\/uploads\/2019\/02\/logo.svg\",\"caption\":\"Willemin-Macodel\"},\"image\":{\"@id\":\"https:\/\/willemin-macodel.com\/de\/#\/schema\/logo\/image\/\"}}]}<\/script>\n<!-- \/ Yoast SEO plugin. -->","yoast_head_json":{"title":"Komplexe Werkst\u00fccke - Willemin-Macodel","robots":{"index":"index","follow":"follow","max-snippet":"max-snippet:-1","max-image-preview":"max-image-preview:large","max-video-preview":"max-video-preview:-1"},"canonical":"https:\/\/willemin-macodel.com\/de\/de-pieces-complexes\/","og_locale":"de_DE","og_type":"article","og_title":"Komplexe Werkst\u00fccke - Willemin-Macodel","og_url":"https:\/\/willemin-macodel.com\/de\/de-pieces-complexes\/","og_site_name":"Willemin-Macodel","article_modified_time":"2019-09-30T07:54:31+00:00","og_image":[{"width":2048,"height":1538,"url":"https:\/\/willemin-macodel.com\/wp-content\/uploads\/2018\/11\/piece-revolution-video-poster@2x.jpg","type":"image\/jpeg"}],"twitter_card":"summary_large_image","schema":{"@context":"https:\/\/schema.org","@graph":[{"@type":"WebPage","@id":"https:\/\/willemin-macodel.com\/de\/de-pieces-complexes\/","url":"https:\/\/willemin-macodel.com\/de\/de-pieces-complexes\/","name":"Komplexe Werkst\u00fccke - Willemin-Macodel","isPartOf":{"@id":"https:\/\/willemin-macodel.com\/de\/#website"},"primaryImageOfPage":{"@id":"https:\/\/willemin-macodel.com\/de\/de-pieces-complexes\/#primaryimage"},"image":{"@id":"https:\/\/willemin-macodel.com\/de\/de-pieces-complexes\/#primaryimage"},"thumbnailUrl":"https:\/\/willemin-macodel.com\/wp-content\/uploads\/2018\/11\/piece-revolution-video-poster@2x.jpg","datePublished":"2018-09-27T14:01:33+00:00","dateModified":"2019-09-30T07:54:31+00:00","breadcrumb":{"@id":"https:\/\/willemin-macodel.com\/de\/de-pieces-complexes\/#breadcrumb"},"inLanguage":"de","potentialAction":[{"@type":"ReadAction","target":["https:\/\/willemin-macodel.com\/de\/de-pieces-complexes\/"]}]},{"@type":"ImageObject","inLanguage":"de","@id":"https:\/\/willemin-macodel.com\/de\/de-pieces-complexes\/#primaryimage","url":"https:\/\/willemin-macodel.com\/wp-content\/uploads\/2018\/11\/piece-revolution-video-poster@2x.jpg","contentUrl":"https:\/\/willemin-macodel.com\/wp-content\/uploads\/2018\/11\/piece-revolution-video-poster@2x.jpg","width":2048,"height":1538},{"@type":"BreadcrumbList","@id":"https:\/\/willemin-macodel.com\/de\/de-pieces-complexes\/#breadcrumb","itemListElement":[{"@type":"ListItem","position":1,"name":"Home","item":"https:\/\/willemin-macodel.com\/de\/home-page\/"},{"@type":"ListItem","position":2,"name":"Komplexe Werkst\u00fccke"}]},{"@type":"WebSite","@id":"https:\/\/willemin-macodel.com\/de\/#website","url":"https:\/\/willemin-macodel.com\/de\/","name":"Willemin-Macodel","description":"Depuis 50 ans, Willemin-Macodel d\u00e9veloppe les machines, les solutions et les services les plus innovants.","publisher":{"@id":"https:\/\/willemin-macodel.com\/de\/#organization"},"potentialAction":[{"@type":"SearchAction","target":{"@type":"EntryPoint","urlTemplate":"https:\/\/willemin-macodel.com\/de\/?s={search_term_string}"},"query-input":{"@type":"PropertyValueSpecification","valueRequired":true,"valueName":"search_term_string"}}],"inLanguage":"de"},{"@type":"Organization","@id":"https:\/\/willemin-macodel.com\/de\/#organization","name":"Willemin-Macodel","url":"https:\/\/willemin-macodel.com\/de\/","logo":{"@type":"ImageObject","inLanguage":"de","@id":"https:\/\/willemin-macodel.com\/de\/#\/schema\/logo\/image\/","url":"https:\/\/willemin-macodel.com\/wp-content\/uploads\/2019\/02\/logo.svg","contentUrl":"https:\/\/willemin-macodel.com\/wp-content\/uploads\/2019\/02\/logo.svg","caption":"Willemin-Macodel"},"image":{"@id":"https:\/\/willemin-macodel.com\/de\/#\/schema\/logo\/image\/"}}]}},"_links":{"self":[{"href":"https:\/\/willemin-macodel.com\/de\/wp-json\/wp\/v2\/pages\/4017","targetHints":{"allow":["GET"]}}],"collection":[{"href":"https:\/\/willemin-macodel.com\/de\/wp-json\/wp\/v2\/pages"}],"about":[{"href":"https:\/\/willemin-macodel.com\/de\/wp-json\/wp\/v2\/types\/page"}],"author":[{"embeddable":true,"href":"https:\/\/willemin-macodel.com\/de\/wp-json\/wp\/v2\/users\/1"}],"replies":[{"embeddable":true,"href":"https:\/\/willemin-macodel.com\/de\/wp-json\/wp\/v2\/comments?post=4017"}],"version-history":[{"count":0,"href":"https:\/\/willemin-macodel.com\/de\/wp-json\/wp\/v2\/pages\/4017\/revisions"}],"wp:featuredmedia":[{"embeddable":true,"href":"https:\/\/willemin-macodel.com\/de\/wp-json\/wp\/v2\/media\/1257"}],"wp:attachment":[{"href":"https:\/\/willemin-macodel.com\/de\/wp-json\/wp\/v2\/media?parent=4017"}],"curies":[{"name":"wp","href":"https:\/\/api.w.org\/{rel}","templated":true}]}}