{"id":3989,"date":"2019-03-12T13:23:57","date_gmt":"2019-03-12T12:23:57","guid":{"rendered":"https:\/\/redesign.willemin-macodel.com\/automatisierte-produktion\/"},"modified":"2025-01-08T07:05:58","modified_gmt":"2025-01-08T06:05:58","slug":"automatisierte-produktion","status":"publish","type":"page","link":"https:\/\/willemin-macodel.com\/de\/automatisierte-produktion\/","title":{"rendered":"Automatisierte Produktion"},"content":{"rendered":"","protected":false},"excerpt":{"rendered":"","protected":false},"author":2,"featured_media":0,"parent":0,"menu_order":0,"comment_status":"closed","ping_status":"closed","template":"page-automation.php","meta":{"_acf_changed":false,"ngg_post_thumbnail":0,"footnotes":""},"class_list":["post-3989","page","type-page","status-publish","hentry"],"acf":[],"yoast_head":"<!-- This site is optimized with the Yoast SEO plugin v25.5 - https:\/\/yoast.com\/wordpress\/plugins\/seo\/ -->\n<title>Automatisierte Produktion - Willemin-Macodel<\/title>\n<meta name=\"description\" content=\"Um die Autonomie, Flexibilit\u00e4t und Produktivit\u00e4t zus\u00e4tzlich zu erh\u00f6hen, entwickelt Willemin-Macodel verschiedene Automatisierungsl\u00f6sungen, die vom einfachen Entladen der bearbeiteten Werkst\u00fccke bis hin zur Multimaschinen-Roboterzelle reichen.\" \/>\n<meta name=\"robots\" content=\"index, follow, max-snippet:-1, max-image-preview:large, max-video-preview:-1\" \/>\n<link rel=\"canonical\" href=\"https:\/\/willemin-macodel.com\/de\/automatisierte-produktion\/\" \/>\n<meta property=\"og:locale\" content=\"de_DE\" \/>\n<meta property=\"og:type\" content=\"article\" \/>\n<meta property=\"og:title\" content=\"Automatisierte Produktion - Willemin-Macodel\" \/>\n<meta property=\"og:description\" content=\"Um die Autonomie, Flexibilit\u00e4t und Produktivit\u00e4t zus\u00e4tzlich zu erh\u00f6hen, entwickelt Willemin-Macodel verschiedene Automatisierungsl\u00f6sungen, die vom einfachen Entladen der bearbeiteten Werkst\u00fccke bis hin zur Multimaschinen-Roboterzelle reichen.\" \/>\n<meta property=\"og:url\" content=\"https:\/\/willemin-macodel.com\/de\/automatisierte-produktion\/\" \/>\n<meta property=\"og:site_name\" content=\"Willemin-Macodel\" \/>\n<meta property=\"article:modified_time\" content=\"2025-01-08T06:05:58+00:00\" \/>\n<meta name=\"twitter:card\" content=\"summary_large_image\" \/>\n<script type=\"application\/ld+json\" class=\"yoast-schema-graph\">{\"@context\":\"https:\/\/schema.org\",\"@graph\":[{\"@type\":\"WebPage\",\"@id\":\"https:\/\/willemin-macodel.com\/de\/automatisierte-produktion\/\",\"url\":\"https:\/\/willemin-macodel.com\/de\/automatisierte-produktion\/\",\"name\":\"Automatisierte Produktion - Willemin-Macodel\",\"isPartOf\":{\"@id\":\"https:\/\/willemin-macodel.com\/de\/#website\"},\"datePublished\":\"2019-03-12T12:23:57+00:00\",\"dateModified\":\"2025-01-08T06:05:58+00:00\",\"description\":\"Um die Autonomie, Flexibilit\u00e4t und Produktivit\u00e4t zus\u00e4tzlich zu erh\u00f6hen, entwickelt Willemin-Macodel verschiedene Automatisierungsl\u00f6sungen, die vom einfachen Entladen der bearbeiteten Werkst\u00fccke bis hin zur Multimaschinen-Roboterzelle reichen.\",\"breadcrumb\":{\"@id\":\"https:\/\/willemin-macodel.com\/de\/automatisierte-produktion\/#breadcrumb\"},\"inLanguage\":\"de\",\"potentialAction\":[{\"@type\":\"ReadAction\",\"target\":[\"https:\/\/willemin-macodel.com\/de\/automatisierte-produktion\/\"]}]},{\"@type\":\"BreadcrumbList\",\"@id\":\"https:\/\/willemin-macodel.com\/de\/automatisierte-produktion\/#breadcrumb\",\"itemListElement\":[{\"@type\":\"ListItem\",\"position\":1,\"name\":\"Home\",\"item\":\"https:\/\/willemin-macodel.com\/de\/home-page\/\"},{\"@type\":\"ListItem\",\"position\":2,\"name\":\"Automatisierte Produktion\"}]},{\"@type\":\"WebSite\",\"@id\":\"https:\/\/willemin-macodel.com\/de\/#website\",\"url\":\"https:\/\/willemin-macodel.com\/de\/\",\"name\":\"Willemin-Macodel\",\"description\":\"Depuis 50 ans, Willemin-Macodel d\u00e9veloppe les machines, les solutions et les services les plus innovants.\",\"publisher\":{\"@id\":\"https:\/\/willemin-macodel.com\/de\/#organization\"},\"potentialAction\":[{\"@type\":\"SearchAction\",\"target\":{\"@type\":\"EntryPoint\",\"urlTemplate\":\"https:\/\/willemin-macodel.com\/de\/?s={search_term_string}\"},\"query-input\":{\"@type\":\"PropertyValueSpecification\",\"valueRequired\":true,\"valueName\":\"search_term_string\"}}],\"inLanguage\":\"de\"},{\"@type\":\"Organization\",\"@id\":\"https:\/\/willemin-macodel.com\/de\/#organization\",\"name\":\"Willemin-Macodel\",\"url\":\"https:\/\/willemin-macodel.com\/de\/\",\"logo\":{\"@type\":\"ImageObject\",\"inLanguage\":\"de\",\"@id\":\"https:\/\/willemin-macodel.com\/de\/#\/schema\/logo\/image\/\",\"url\":\"https:\/\/willemin-macodel.com\/wp-content\/uploads\/2019\/02\/logo.svg\",\"contentUrl\":\"https:\/\/willemin-macodel.com\/wp-content\/uploads\/2019\/02\/logo.svg\",\"caption\":\"Willemin-Macodel\"},\"image\":{\"@id\":\"https:\/\/willemin-macodel.com\/de\/#\/schema\/logo\/image\/\"}}]}<\/script>\n<!-- \/ Yoast SEO plugin. -->","yoast_head_json":{"title":"Automatisierte Produktion - Willemin-Macodel","description":"Um die Autonomie, Flexibilit\u00e4t und Produktivit\u00e4t zus\u00e4tzlich zu erh\u00f6hen, entwickelt Willemin-Macodel verschiedene Automatisierungsl\u00f6sungen, die vom einfachen Entladen der bearbeiteten Werkst\u00fccke bis hin zur Multimaschinen-Roboterzelle reichen.","robots":{"index":"index","follow":"follow","max-snippet":"max-snippet:-1","max-image-preview":"max-image-preview:large","max-video-preview":"max-video-preview:-1"},"canonical":"https:\/\/willemin-macodel.com\/de\/automatisierte-produktion\/","og_locale":"de_DE","og_type":"article","og_title":"Automatisierte Produktion - Willemin-Macodel","og_description":"Um die Autonomie, Flexibilit\u00e4t und Produktivit\u00e4t zus\u00e4tzlich zu erh\u00f6hen, entwickelt Willemin-Macodel verschiedene Automatisierungsl\u00f6sungen, die vom einfachen Entladen der bearbeiteten Werkst\u00fccke bis hin zur Multimaschinen-Roboterzelle reichen.","og_url":"https:\/\/willemin-macodel.com\/de\/automatisierte-produktion\/","og_site_name":"Willemin-Macodel","article_modified_time":"2025-01-08T06:05:58+00:00","twitter_card":"summary_large_image","schema":{"@context":"https:\/\/schema.org","@graph":[{"@type":"WebPage","@id":"https:\/\/willemin-macodel.com\/de\/automatisierte-produktion\/","url":"https:\/\/willemin-macodel.com\/de\/automatisierte-produktion\/","name":"Automatisierte Produktion - Willemin-Macodel","isPartOf":{"@id":"https:\/\/willemin-macodel.com\/de\/#website"},"datePublished":"2019-03-12T12:23:57+00:00","dateModified":"2025-01-08T06:05:58+00:00","description":"Um die Autonomie, Flexibilit\u00e4t und Produktivit\u00e4t zus\u00e4tzlich zu erh\u00f6hen, entwickelt Willemin-Macodel verschiedene Automatisierungsl\u00f6sungen, die vom einfachen Entladen der bearbeiteten Werkst\u00fccke bis hin zur Multimaschinen-Roboterzelle reichen.","breadcrumb":{"@id":"https:\/\/willemin-macodel.com\/de\/automatisierte-produktion\/#breadcrumb"},"inLanguage":"de","potentialAction":[{"@type":"ReadAction","target":["https:\/\/willemin-macodel.com\/de\/automatisierte-produktion\/"]}]},{"@type":"BreadcrumbList","@id":"https:\/\/willemin-macodel.com\/de\/automatisierte-produktion\/#breadcrumb","itemListElement":[{"@type":"ListItem","position":1,"name":"Home","item":"https:\/\/willemin-macodel.com\/de\/home-page\/"},{"@type":"ListItem","position":2,"name":"Automatisierte Produktion"}]},{"@type":"WebSite","@id":"https:\/\/willemin-macodel.com\/de\/#website","url":"https:\/\/willemin-macodel.com\/de\/","name":"Willemin-Macodel","description":"Depuis 50 ans, Willemin-Macodel d\u00e9veloppe les machines, les solutions et les services les plus innovants.","publisher":{"@id":"https:\/\/willemin-macodel.com\/de\/#organization"},"potentialAction":[{"@type":"SearchAction","target":{"@type":"EntryPoint","urlTemplate":"https:\/\/willemin-macodel.com\/de\/?s={search_term_string}"},"query-input":{"@type":"PropertyValueSpecification","valueRequired":true,"valueName":"search_term_string"}}],"inLanguage":"de"},{"@type":"Organization","@id":"https:\/\/willemin-macodel.com\/de\/#organization","name":"Willemin-Macodel","url":"https:\/\/willemin-macodel.com\/de\/","logo":{"@type":"ImageObject","inLanguage":"de","@id":"https:\/\/willemin-macodel.com\/de\/#\/schema\/logo\/image\/","url":"https:\/\/willemin-macodel.com\/wp-content\/uploads\/2019\/02\/logo.svg","contentUrl":"https:\/\/willemin-macodel.com\/wp-content\/uploads\/2019\/02\/logo.svg","caption":"Willemin-Macodel"},"image":{"@id":"https:\/\/willemin-macodel.com\/de\/#\/schema\/logo\/image\/"}}]}},"_links":{"self":[{"href":"https:\/\/willemin-macodel.com\/de\/wp-json\/wp\/v2\/pages\/3989","targetHints":{"allow":["GET"]}}],"collection":[{"href":"https:\/\/willemin-macodel.com\/de\/wp-json\/wp\/v2\/pages"}],"about":[{"href":"https:\/\/willemin-macodel.com\/de\/wp-json\/wp\/v2\/types\/page"}],"author":[{"embeddable":true,"href":"https:\/\/willemin-macodel.com\/de\/wp-json\/wp\/v2\/users\/2"}],"replies":[{"embeddable":true,"href":"https:\/\/willemin-macodel.com\/de\/wp-json\/wp\/v2\/comments?post=3989"}],"version-history":[{"count":8,"href":"https:\/\/willemin-macodel.com\/de\/wp-json\/wp\/v2\/pages\/3989\/revisions"}],"predecessor-version":[{"id":10193,"href":"https:\/\/willemin-macodel.com\/de\/wp-json\/wp\/v2\/pages\/3989\/revisions\/10193"}],"wp:attachment":[{"href":"https:\/\/willemin-macodel.com\/de\/wp-json\/wp\/v2\/media?parent=3989"}],"curies":[{"name":"wp","href":"https:\/\/api.w.org\/{rel}","templated":true}]}}